{"id":3,"date":"2023-01-02T18:51:33","date_gmt":"2023-01-02T21:51:33","guid":{"rendered":"https:\/\/clomid.live\/?page_id=3"},"modified":"2023-01-02T20:06:33","modified_gmt":"2023-01-02T23:06:33","slug":"politica-de-privacidade","status":"publish","type":"page","link":"https:\/\/clomid.live\/bn\/politica-de-privacidade\/","title":{"rendered":"\u0997\u09cb\u09aa\u09a8\u09c0\u09af\u09bc\u09a4\u09be \u09a8\u09c0\u09a4\u09bf"},"content":{"rendered":"<h2><span style=\"color: #444444;\">\u0997\u09cb\u09aa\u09a8\u09c0\u09af\u09bc\u09a4\u09be \u09a8\u09c0\u09a4\u09bf<\/span><\/h2>\n<p><span style=\"color: #444444;\">\u0986\u09aa\u09a8\u09be\u09b0 \u0997\u09cb\u09aa\u09a8\u09c0\u09af\u09bc\u09a4\u09be \u0986\u09ae\u09be\u09a6\u09c7\u09b0 \u0995\u09be\u099b\u09c7 \u0997\u09c1\u09b0\u09c1\u09a4\u09cd\u09ac\u09aa\u09c2\u09b0\u09cd\u09a3\u0964 \u0986\u09ae\u09be\u09a6\u09c7\u09b0 \u0993\u09af\u09bc\u09c7\u09ac\u09b8\u09be\u0987\u099f \u099c\u09c1\u09a1\u09bc\u09c7 \u0986\u09aa\u09a8\u09be\u09b0 \u0995\u09be\u099b \u09a5\u09c7\u0995\u09c7 \u0986\u09ae\u09b0\u09be \u09af\u09c7 \u0995\u09cb\u09a8\u0993 \u09a4\u09a5\u09cd\u09af \u09b8\u0982\u0997\u09cd\u09b0\u09b9 \u0995\u09b0\u09a4\u09c7 \u09aa\u09be\u09b0\u09bf \u09b8\u09c7 \u09b8\u09ae\u09cd\u09aa\u09b0\u09cd\u0995\u09c7 \u0986\u09aa\u09a8\u09be\u09b0 \u0997\u09cb\u09aa\u09a8\u09c0\u09af\u09bc\u09a4\u09be\u0995\u09c7 \u09b8\u09ae\u09cd\u09ae\u09be\u09a8 \u0995\u09b0\u09be https:\/\/clomid.live\/ \u098f\u09b0 \u09a8\u09c0\u09a4\u09bf\u0964 <a href=\"https:\/\/clomid.live\/bn\/\">https:\/\/clomid.live\/<\/a>, \u098f\u09ac\u0982 \u0986\u09ae\u09be\u09a6\u09c7\u09b0 \u09ae\u09be\u09b2\u09bf\u0995\u09be\u09a8\u09be\u09a7\u09c0\u09a8 \u098f\u09ac\u0982 \u09aa\u09b0\u09bf\u099a\u09be\u09b2\u09bf\u09a4 \u0985\u09a8\u09cd\u09af\u09be\u09a8\u09cd\u09af \u0993\u09af\u09bc\u09c7\u09ac\u09b8\u09be\u0987\u099f\u0964<\/span><\/p>\n<p><span style=\"color: #444444;\">\u0986\u09ae\u09b0\u09be \u0995\u09c7\u09ac\u09b2 \u09a4\u0996\u09a8\u0987 \u09ac\u09cd\u09af\u0995\u09cd\u09a4\u09bf\u0997\u09a4 \u09a4\u09a5\u09cd\u09af \u099a\u09be\u0987 \u09af\u0996\u09a8 \u0986\u09ae\u09be\u09a6\u09c7\u09b0 \u09b8\u09a4\u09cd\u09af\u09bf\u0987 \u0986\u09aa\u09a8\u09be\u0995\u09c7 \u09aa\u09b0\u09bf\u09b7\u09c7\u09ac\u09be \u09aa\u09cd\u09b0\u09a6\u09be\u09a8\u09c7\u09b0 \u099c\u09a8\u09cd\u09af \u098f\u099f\u09bf\u09b0 \u09aa\u09cd\u09b0\u09af\u09bc\u09cb\u099c\u09a8 \u09b9\u09af\u09bc\u0964 \u0986\u09ae\u09b0\u09be \u0986\u09aa\u09a8\u09be\u09b0 \u099c\u09cd\u099e\u09be\u09a8 \u098f\u09ac\u0982 \u09b8\u09ae\u09cd\u09ae\u09a4\u09bf\u09a4\u09c7 \u09a8\u09cd\u09af\u09be\u09af\u09cd\u09af \u098f\u09ac\u0982 \u0986\u0987\u09a8\u09be\u09a8\u09c1\u0997 \u0989\u09aa\u09be\u09af\u09bc\u09c7 \u098f\u099f\u09bf \u0995\u09b0\u09bf\u0964 \u0986\u09ae\u09b0\u09be \u0986\u09aa\u09a8\u09be\u0995\u09c7 \u099c\u09be\u09a8\u09be\u099a\u09cd\u099b\u09bf \u0995\u09c7\u09a8 \u0986\u09ae\u09b0\u09be \u098f\u099f\u09bf \u09b8\u0982\u0997\u09cd\u09b0\u09b9 \u0995\u09b0\u099b\u09bf \u098f\u09ac\u0982 \u098f\u099f\u09bf \u0995\u09c0\u09ad\u09be\u09ac\u09c7 \u09ac\u09cd\u09af\u09ac\u09b9\u09be\u09b0 \u0995\u09b0\u09be \u09b9\u09ac\u09c7\u0964<\/span><\/p>\n<p><span style=\"color: #444444;\">\u0986\u09aa\u09a8\u09be\u09b0 \u0985\u09a8\u09c1\u09b0\u09cb\u09a7\u0995\u09c3\u09a4 \u09aa\u09b0\u09bf\u09b7\u09c7\u09ac\u09be \u09aa\u09cd\u09b0\u09a6\u09be\u09a8\u09c7\u09b0 \u099c\u09a8\u09cd\u09af \u0986\u09ae\u09b0\u09be \u0995\u09c7\u09ac\u09b2\u09ae\u09be\u09a4\u09cd\u09b0 \u09af\u09a4\u0995\u09cd\u09b7\u09a3 \u09aa\u09cd\u09b0\u09af\u09bc\u09cb\u099c\u09a8 \u09a4\u09a4\u0995\u09cd\u09b7\u09a3 \u09b8\u0982\u0997\u09c3\u09b9\u09c0\u09a4 \u09a4\u09a5\u09cd\u09af \u09b8\u0982\u09b0\u0995\u09cd\u09b7\u09a3 \u0995\u09b0\u09bf\u0964 \u0986\u09ae\u09b0\u09be \u09af\u09c7 \u09a1\u09c7\u099f\u09be \u09b8\u0982\u09b0\u0995\u09cd\u09b7\u09a3 \u0995\u09b0\u09bf, \u09a4\u09be \u09ac\u09be\u09a3\u09bf\u099c\u09cd\u09af\u09bf\u0995\u09ad\u09be\u09ac\u09c7 \u0997\u09cd\u09b0\u09b9\u09a3\u09af\u09cb\u0997\u09cd\u09af \u0989\u09aa\u09be\u09af\u09bc\u09c7 \u09b8\u09c1\u09b0\u0995\u09cd\u09b7\u09bf\u09a4 \u09b0\u09be\u0996\u09ac \u09af\u09be\u09a4\u09c7 \u0995\u09cd\u09b7\u09a4\u09bf \u098f\u09ac\u0982 \u099a\u09c1\u09b0\u09bf \u09b0\u09cb\u09a7 \u0995\u09b0\u09be \u09af\u09be\u09af\u09bc, \u09b8\u09c7\u0987\u09b8\u09be\u09a5\u09c7 \u0985\u09a8\u09a8\u09c1\u09ae\u09cb\u09a6\u09bf\u09a4 \u0985\u09cd\u09af\u09be\u0995\u09cd\u09b8\u09c7\u09b8, \u09aa\u09cd\u09b0\u0995\u09be\u09b6, \u0985\u09a8\u09c1\u09b2\u09bf\u09aa\u09bf, \u09ac\u09cd\u09af\u09ac\u09b9\u09be\u09b0 \u09ac\u09be \u09aa\u09b0\u09bf\u09ac\u09b0\u09cd\u09a4\u09a8 \u09b0\u09cb\u09a7 \u0995\u09b0\u09be \u09af\u09be\u09af\u09bc\u0964<\/span><\/p>\n<p><span style=\"color: #444444;\">\u0986\u09ae\u09b0\u09be \u09ac\u09cd\u09af\u0995\u09cd\u09a4\u09bf\u0997\u09a4\u09ad\u09be\u09ac\u09c7 \u09b6\u09a8\u09be\u0995\u09cd\u09a4\u0995\u09be\u09b0\u09c0 \u0995\u09cb\u09a8\u0993 \u09a4\u09a5\u09cd\u09af \u09b8\u09b0\u09cd\u09ac\u099c\u09a8\u09c0\u09a8\u09ad\u09be\u09ac\u09c7 \u09ac\u09be \u09a4\u09c3\u09a4\u09c0\u09af\u09bc \u09aa\u0995\u09cd\u09b7\u09c7\u09b0 \u09b8\u09be\u09a5\u09c7 \u09b6\u09c7\u09af\u09bc\u09be\u09b0 \u0995\u09b0\u09bf \u09a8\u09be, \u0986\u0987\u09a8 \u0985\u09a8\u09c1\u09b8\u09be\u09b0\u09c7 \u09aa\u09cd\u09b0\u09af\u09bc\u09cb\u099c\u09a8 \u09a8\u09be \u09b9\u09b2\u09c7\u0964<\/span><\/p>\n<p><span style=\"color: #444444;\">\u0986\u09ae\u09be\u09a6\u09c7\u09b0 \u0993\u09af\u09bc\u09c7\u09ac\u09b8\u09be\u0987\u099f\u09c7 \u098f\u09ae\u09a8 \u09ac\u09b9\u09bf\u09b0\u09be\u0997\u09a4 \u0993\u09af\u09bc\u09c7\u09ac\u09b8\u09be\u0987\u099f\u09c7\u09b0 \u09b2\u09bf\u0999\u09cd\u0995 \u09a5\u09be\u0995\u09a4\u09c7 \u09aa\u09be\u09b0\u09c7 \u09af\u09be \u0986\u09ae\u09b0\u09be \u09aa\u09b0\u09bf\u099a\u09be\u09b2\u09a8\u09be \u0995\u09b0\u09bf \u09a8\u09be\u0964 \u0985\u09a8\u09c1\u0997\u09cd\u09b0\u09b9 \u0995\u09b0\u09c7 \u09ae\u09a8\u09c7 \u09b0\u09be\u0996\u09ac\u09c7\u09a8 \u09af\u09c7 \u098f\u0987 \u09b8\u09be\u0987\u099f\u0997\u09c1\u09b2\u09bf\u09b0 \u09ac\u09bf\u09b7\u09af\u09bc\u09ac\u09b8\u09cd\u09a4\u09c1 \u098f\u09ac\u0982 \u0985\u09a8\u09c1\u09b6\u09c0\u09b2\u09a8\u09c7\u09b0 \u0989\u09aa\u09b0 \u0986\u09ae\u09be\u09a6\u09c7\u09b0 \u0995\u09cb\u09a8\u0993 \u09a8\u09bf\u09af\u09bc\u09a8\u09cd\u09a4\u09cd\u09b0\u09a3 \u09a8\u09c7\u0987 \u098f\u09ac\u0982 \u0986\u09ae\u09b0\u09be \u09a4\u09be\u09a6\u09c7\u09b0 \u09a8\u09bf\u099c \u09a8\u09bf\u099c\u00a0<\/span>\u0997\u09cb\u09aa\u09a8\u09c0\u09af\u09bc\u09a4\u09be \u09a8\u09c0\u09a4\u09bf<span style=\"color: #444444;\">.<\/span><\/p>\n<p><span style=\"color: #444444;\">\u0986\u09aa\u09a8\u09be\u09b0 \u09ac\u09cd\u09af\u0995\u09cd\u09a4\u09bf\u0997\u09a4 \u09a4\u09a5\u09cd\u09af\u09c7\u09b0 \u099c\u09a8\u09cd\u09af \u0986\u09ae\u09be\u09a6\u09c7\u09b0 \u0985\u09a8\u09c1\u09b0\u09cb\u09a7 \u09aa\u09cd\u09b0\u09a4\u09cd\u09af\u09be\u0996\u09cd\u09af\u09be\u09a8 \u0995\u09b0\u09be\u09b0 \u09b8\u09cd\u09ac\u09be\u09a7\u09c0\u09a8\u09a4\u09be \u0986\u09aa\u09a8\u09be\u09b0 \u0986\u099b\u09c7, \u098f\u0987 \u09ac\u09cb\u09a7\u0997\u09ae\u09cd\u09af\u09a4\u09be\u09b0 \u09b8\u09be\u09a5\u09c7 \u09af\u09c7 \u0986\u09ae\u09b0\u09be \u0986\u09aa\u09a8\u09be\u09b0 \u09aa\u099b\u09a8\u09cd\u09a6\u09b8\u0987 \u0995\u09bf\u099b\u09c1 \u09aa\u09b0\u09bf\u09b7\u09c7\u09ac\u09be \u09aa\u09cd\u09b0\u09a6\u09be\u09a8 \u0995\u09b0\u09a4\u09c7 \u0985\u0995\u09cd\u09b7\u09ae \u09b9\u09a4\u09c7 \u09aa\u09be\u09b0\u09bf\u0964<\/span><\/p>\n<p><span style=\"color: #444444;\">\u0986\u09ae\u09be\u09a6\u09c7\u09b0 \u0993\u09af\u09bc\u09c7\u09ac\u09b8\u09be\u0987\u099f\u09c7\u09b0 \u0986\u09aa\u09a8\u09be\u09b0 \u0985\u09ac\u09cd\u09af\u09be\u09b9\u09a4 \u09ac\u09cd\u09af\u09ac\u09b9\u09be\u09b0 \u0997\u09cb\u09aa\u09a8\u09c0\u09af\u09bc\u09a4\u09be \u098f\u09ac\u0982 \u09ac\u09cd\u09af\u0995\u09cd\u09a4\u09bf\u0997\u09a4 \u09a4\u09a5\u09cd\u09af \u09b8\u09ae\u09cd\u09aa\u09b0\u09cd\u0995\u09bf\u09a4 \u0986\u09ae\u09be\u09a6\u09c7\u09b0 \u0985\u09a8\u09c1\u09b6\u09c0\u09b2\u09a8\u09c7\u09b0 \u09b8\u09cd\u09ac\u09c0\u0995\u09c3\u09a4\u09bf \u09b9\u09bf\u09b8\u09be\u09ac\u09c7 \u09ac\u09bf\u09ac\u09c7\u099a\u09bf\u09a4 \u09b9\u09ac\u09c7\u0964 \u0986\u09ae\u09b0\u09be \u09ac\u09cd\u09af\u09ac\u09b9\u09be\u09b0\u0995\u09be\u09b0\u09c0\u09b0 \u09a1\u09c7\u099f\u09be \u098f\u09ac\u0982 \u09ac\u09cd\u09af\u0995\u09cd\u09a4\u09bf\u0997\u09a4 \u09a4\u09a5\u09cd\u09af \u0995\u09c0\u09ad\u09be\u09ac\u09c7 \u09aa\u09b0\u09bf\u099a\u09be\u09b2\u09a8\u09be \u0995\u09b0\u09bf \u09b8\u09c7 \u09b8\u09ae\u09cd\u09aa\u09b0\u09cd\u0995\u09c7 \u0986\u09aa\u09a8\u09be\u09b0 \u09af\u09a6\u09bf \u0995\u09cb\u09a8\u0993 \u09aa\u09cd\u09b0\u09b6\u09cd\u09a8 \u09a5\u09be\u0995\u09c7, \u09a4\u09be\u09b9\u09b2\u09c7 \u0985\u09a8\u09c1\u0997\u09cd\u09b0\u09b9 \u0995\u09b0\u09c7 \u0986\u09ae\u09be\u09a6\u09c7\u09b0 \u09b8\u09be\u09a5\u09c7 \u09af\u09cb\u0997\u09be\u09af\u09cb\u0997 \u0995\u09b0\u09c1\u09a8\u0964<\/span><\/p>\n<ul>\n<li><span style=\"color: #444444;\">\u09ac\u09bf\u099c\u09cd\u099e\u09be\u09aa\u09a8 \u09aa\u09b0\u09bf\u09ac\u09c7\u09b6\u09a8\u09c7\u09b0 \u099c\u09a8\u09cd\u09af \u0986\u09ae\u09b0\u09be \u09af\u09c7 Google AdSense \u09aa\u09b0\u09bf\u09b7\u09c7\u09ac\u09be \u09ac\u09cd\u09af\u09ac\u09b9\u09be\u09b0 \u0995\u09b0\u09bf \u09a4\u09be \u0993\u09af\u09bc\u09c7\u09ac \u099c\u09c1\u09a1\u09bc\u09c7 \u0986\u09b0\u0993 \u09aa\u09cd\u09b0\u09be\u09b8\u0999\u09cd\u0997\u09bf\u0995 \u09ac\u09bf\u099c\u09cd\u099e\u09be\u09aa\u09a8 \u09aa\u09b0\u09bf\u09ac\u09c7\u09b6\u09a8 \u0995\u09b0\u09a4\u09c7 \u098f\u09ac\u0982 \u0986\u09aa\u09a8\u09be\u0995\u09c7 \u098f\u0995\u099f\u09bf \u09a8\u09bf\u09b0\u09cd\u09a6\u09bf\u09b7\u09cd\u099f \u09ac\u09bf\u099c\u09cd\u099e\u09be\u09aa\u09a8 \u09a6\u09c7\u0996\u09be\u09a8\u09cb\u09b0 \u09b8\u0982\u0996\u09cd\u09af\u09be \u09b8\u09c0\u09ae\u09bf\u09a4 \u0995\u09b0\u09a4\u09c7 \u098f\u0995\u099f\u09bf DoubleClick \u0995\u09c1\u0995\u09bf \u09ac\u09cd\u09af\u09ac\u09b9\u09be\u09b0 \u0995\u09b0\u09c7\u0964<\/span><\/li>\n<li><span style=\"color: #444444;\">\u0997\u09c1\u0997\u09b2 \u0985\u09cd\u09af\u09be\u09a1\u09b8\u09c7\u09a8\u09cd\u09b8 \u09b8\u09ae\u09cd\u09aa\u09b0\u09cd\u0995\u09c7 \u0986\u09b0\u0993 \u09a4\u09a5\u09cd\u09af\u09c7\u09b0 \u099c\u09a8\u09cd\u09af, \u0985\u09ab\u09bf\u09b8\u09bf\u09af\u09bc\u09be\u09b2 \u0997\u09c1\u0997\u09b2 \u0985\u09cd\u09af\u09be\u09a1\u09b8\u09c7\u09a8\u09cd\u09b8 \u0997\u09cb\u09aa\u09a8\u09c0\u09af\u09bc\u09a4\u09be \u09b8\u0982\u0995\u09cd\u09b0\u09be\u09a8\u09cd\u09a4 \u09aa\u09cd\u09b0\u09be\u09af\u09bc\u09b6\u0987 \u099c\u09bf\u099c\u09cd\u099e\u09be\u09b8\u09bf\u09a4 \u09aa\u09cd\u09b0\u09b6\u09cd\u09a8\u09be\u09ac\u09b2\u09c0 \u09a6\u09c7\u0996\u09c1\u09a8\u0964<\/span><\/li>\n<li><span style=\"color: #444444;\">\u098f\u0987 \u0993\u09af\u09bc\u09c7\u09ac\u09b8\u09be\u0987\u099f \u09aa\u09b0\u09bf\u099a\u09be\u09b2\u09a8\u09be\u09b0 \u0996\u09b0\u099a \u09ae\u09c7\u099f\u09be\u09a4\u09c7 \u098f\u09ac\u0982 \u09ad\u09ac\u09bf\u09b7\u09cd\u09af\u09a4\u09c7\u09b0 \u0989\u09a8\u09cd\u09a8\u09af\u09bc\u09a8\u09c7\u09b0 \u099c\u09a8\u09cd\u09af \u09a4\u09b9\u09ac\u09bf\u09b2 \u09b8\u09b0\u09ac\u09b0\u09be\u09b9 \u0995\u09b0\u09a4\u09c7 \u0986\u09ae\u09b0\u09be \u09ac\u09bf\u099c\u09cd\u099e\u09be\u09aa\u09a8 \u09ac\u09cd\u09af\u09ac\u09b9\u09be\u09b0 \u0995\u09b0\u09bf\u0964 \u098f\u0987 \u09b8\u09be\u0987\u099f\u09c7 \u09ac\u09cd\u09af\u09ac\u09b9\u09c3\u09a4 \u0986\u099a\u09b0\u09a3\u0997\u09a4 \u09ac\u09bf\u099c\u09cd\u099e\u09be\u09aa\u09a8 \u0995\u09c1\u0995\u09bf\u0997\u09c1\u09b2\u09bf \u098f\u09ae\u09a8\u09ad\u09be\u09ac\u09c7 \u09a1\u09bf\u099c\u09be\u0987\u09a8 \u0995\u09b0\u09be \u09b9\u09af\u09bc\u09c7\u099b\u09c7 \u09af\u09be\u09a4\u09c7 \u0986\u09ae\u09b0\u09be \u0986\u09aa\u09a8\u09be\u09b0 \u0986\u0997\u09cd\u09b0\u09b9\u0997\u09c1\u09b2\u09bf \u09ac\u09c7\u09a8\u09be\u09ae\u09c7 \u099f\u09cd\u09b0\u09cd\u09af\u09be\u0995 \u0995\u09b0\u09c7 \u098f\u09ac\u0982 \u0986\u0997\u09cd\u09b0\u09b9\u09c7\u09b0 \u09b9\u09a4\u09c7 \u09aa\u09be\u09b0\u09c7 \u098f\u09ae\u09a8 \u0985\u09a8\u09c1\u09b0\u09c2\u09aa \u099c\u09bf\u09a8\u09bf\u09b8 \u0989\u09aa\u09b8\u09cd\u09a5\u09be\u09aa\u09a8 \u0995\u09b0\u09c7 \u09af\u09c7\u0996\u09be\u09a8\u09c7 \u09b8\u09ae\u09cd\u09ad\u09ac \u0986\u09aa\u09a8\u09be\u0995\u09c7 \u09b8\u09ac\u099a\u09c7\u09af\u09bc\u09c7 \u09aa\u09cd\u09b0\u09be\u09b8\u0999\u09cd\u0997\u09bf\u0995 \u09ac\u09bf\u099c\u09cd\u099e\u09be\u09aa\u09a8 \u09b8\u09b0\u09ac\u09b0\u09be\u09b9 \u0995\u09b0\u09bf\u0964<\/span><\/li>\n<li><span style=\"color: #444444;\">\u09ac\u09c7\u09b6 \u0995\u09bf\u099b\u09c1 \u0985\u0982\u09b6\u09c0\u09a6\u09be\u09b0 \u0986\u09ae\u09be\u09a6\u09c7\u09b0 \u09aa\u0995\u09cd\u09b7 \u09a5\u09c7\u0995\u09c7 \u09ac\u09bf\u099c\u09cd\u099e\u09be\u09aa\u09a8 \u09a6\u09c7\u09af\u09bc \u098f\u09ac\u0982 \u0985\u09cd\u09af\u09be\u09ab\u09bf\u09b2\u09bf\u09af\u09bc\u09c7\u099f \u099f\u09cd\u09b0\u09cd\u09af\u09be\u0995\u09bf\u0982 \u0995\u09c1\u0995\u09bf\u099c \u0986\u09ae\u09be\u09a6\u09c7\u09b0 \u0997\u09cd\u09b0\u09be\u09b9\u0995\u09b0\u09be \u0986\u09ae\u09be\u09a6\u09c7\u09b0 \u0995\u09cb\u09a8\u0993 \u0985\u0982\u09b6\u09c0\u09a6\u09be\u09b0 \u09b8\u09be\u0987\u099f\u09c7\u09b0 \u09ae\u09be\u09a7\u09cd\u09af\u09ae\u09c7 \u09b8\u09be\u0987\u099f\u09c7 \u098f\u09b8\u09c7\u099b\u09c7\u09a8 \u0995\u09bf\u09a8\u09be \u09a4\u09be \u09a6\u09c7\u0996\u09be\u09b0 \u09b8\u09c1\u09af\u09cb\u0997 \u09a6\u09c7\u09af\u09bc \u09af\u09be\u09a4\u09c7 \u0986\u09ae\u09b0\u09be \u09a4\u09be\u09a6\u09c7\u09b0 \u09af\u09a5\u09be\u09af\u09a5\u09ad\u09be\u09ac\u09c7 \u0995\u09cd\u09b0\u09c7\u09a1\u09bf\u099f \u09a6\u09bf\u09a4\u09c7 \u09aa\u09be\u09b0\u09bf \u098f\u09ac\u0982 \u09aa\u09cd\u09b0\u09af\u09cb\u099c\u09cd\u09af \u0995\u09cd\u09b7\u09c7\u09a4\u09cd\u09b0\u09c7, \u0986\u09ae\u09be\u09a6\u09c7\u09b0 \u0985\u09cd\u09af\u09be\u09ab\u09bf\u09b2\u09bf\u09af\u09bc\u09c7\u099f \u0985\u0982\u09b6\u09c0\u09a6\u09be\u09b0\u09a6\u09c7\u09b0 \u0995\u09c7\u09a8\u09be\u0995\u09be\u099f\u09be\u09b0 \u099c\u09a8\u09cd\u09af \u09a4\u09be\u09b0\u09be \u0986\u09aa\u09a8\u09be\u0995\u09c7 \u09af\u09c7 \u0995\u09cb\u09a8\u0993 \u09ac\u09cb\u09a8\u09be\u09b8 \u09aa\u09cd\u09b0\u09a6\u09be\u09a8 \u0995\u09b0\u09a4\u09c7 \u09aa\u09be\u09b0\u09c7 \u09a4\u09be \u09aa\u09cd\u09b0\u09a6\u09be\u09a8 \u0995\u09b0\u09be\u09b0 \u0985\u09a8\u09c1\u09ae\u09a4\u09bf \u09a6\u09c7\u09af\u09bc\u0964<\/span><\/li>\n<\/ul>\n<h3><span style=\"color: #444444;\">\u09ac\u09cd\u09af\u09ac\u09b9\u09be\u09b0\u0995\u09be\u09b0\u09c0\u09b0 \u09aa\u09cd\u09b0\u09a4\u09bf\u09b6\u09cd\u09b0\u09c1\u09a4\u09bf<\/span><\/h3>\n<p><span style=\"color: #444444;\">\u09ac\u09cd\u09af\u09ac\u09b9\u09be\u09b0\u0995\u09be\u09b0\u09c0 https:\/\/clomid.live\/ \u0993\u09af\u09bc\u09c7\u09ac\u09b8\u09be\u0987\u099f\u09c7 \u09aa\u09cd\u09b0\u09a6\u09a4\u09cd\u09a4 \u09ac\u09bf\u09b7\u09af\u09bc\u09ac\u09b8\u09cd\u09a4\u09c1 \u098f\u09ac\u0982 \u09a4\u09a5\u09cd\u09af\u09c7\u09b0 \u09af\u09a5\u09be\u09af\u09a5 \u09ac\u09cd\u09af\u09ac\u09b9\u09be\u09b0 \u0995\u09b0\u09be\u09b0 \u0985\u0999\u09cd\u0997\u09c0\u0995\u09be\u09b0 \u0995\u09b0\u09c7\u09a8 \u098f\u09ac\u0982 \u0989\u09a6\u09be\u09b9\u09b0\u09a3\u09b8\u09cd\u09ac\u09b0\u09c2\u09aa, \u09a4\u09ac\u09c7 \u09b8\u09c0\u09ae\u09be\u09ac\u09a6\u09cd\u09a7 \u09a8\u09af\u09bc:<\/span><\/p>\n<ul>\n<li><span style=\"color: #444444;\">\u0995) \u0985\u09ac\u09c8\u09a7 \u09ac\u09be \u09b8\u09b0\u09b2 \u09ac\u09bf\u09b6\u09cd\u09ac\u09be\u09b8 \u098f\u09ac\u0982 \u099c\u09a8\u09b6\u09c3\u0999\u09cd\u0996\u09b2\u09be\u09b0 \u09aa\u09b0\u09bf\u09aa\u09a8\u09cd\u09a5\u09c0 \u0995\u09be\u09b0\u09cd\u09af\u0995\u09b2\u09be\u09aa\u09c7 \u099c\u09a1\u09bc\u09bf\u09a4 \u09a8\u09be \u09b9\u0993\u09af\u09bc\u09be;<\/span><\/li>\n<li><span style=\"color: #444444;\">\u0996) \u09ac\u09b0\u09cd\u09a3\u09ac\u09be\u09a6\u09c0, \u09ac\u09bf\u09a6\u09c7\u09b6\u09c0\u09a6\u09c7\u09b0 \u09aa\u09cd\u09b0\u09a4\u09bf \u0998\u09c3\u09a3\u09be\u09ae\u09c2\u09b2\u0995 \u09aa\u09cd\u09b0\u0995\u09c3\u09a4\u09bf\u09b0 \u09aa\u09cd\u09b0\u099a\u09be\u09b0\u09a3\u09be \u09ac\u09be \u09ac\u09bf\u09b7\u09af\u09bc\u09ac\u09b8\u09cd\u09a4\u09c1 \u09aa\u09cd\u09b0\u099a\u09be\u09b0 \u0995\u09b0\u09ac\u09c7\u09a8 \u09a8\u09be, <\/span><span style=\"color: #212529;\"><a style=\"color: inherit !important; text-decoration: none !important; font-size: inherit !important;\" href=\"https:\/\/apostasonline.guru\/bet365-apostas\/\"> \u09aa\u09bf\u0995\u09cd\u09b8 \u09ac\u09c7\u099f\u09e9\u09ec\u09eb<\/a><\/span><span style=\"color: #444444;\"> \u0985\u09a5\u09ac\u09be \u09a6\u09c1\u09b0\u09cd\u09ad\u09be\u0997\u09cd\u09af, \u09af\u09c7\u0995\u09cb\u09a8\u09cb \u09a7\u09b0\u09a3\u09c7\u09b0 \u0985\u09ac\u09c8\u09a7 \u09aa\u09b0\u09cd\u09a8\u09cb\u0997\u09cd\u09b0\u09be\u09ab\u09bf, \u09b8\u09a8\u09cd\u09a4\u09cd\u09b0\u09be\u09b8\u09ac\u09be\u09a6\u09c7\u09b0 \u09b8\u09ae\u09b0\u09cd\u09a5\u09a8\u09c7 \u09ac\u09be \u09ae\u09be\u09a8\u09ac\u09be\u09a7\u09bf\u0995\u09be\u09b0\u09c7\u09b0 \u09ac\u09bf\u09b0\u09c1\u09a6\u09cd\u09a7\u09c7;<\/span><\/li>\n<li><span style=\"color: #444444;\">\u0997) https:\/\/clomid.live\/ \u098f\u09b0 \u09ad\u09cc\u09a4 (\u09b9\u09be\u09b0\u09cd\u09a1\u0993\u09af\u09bc\u09cd\u09af\u09be\u09b0) \u098f\u09ac\u0982 \u09b2\u099c\u09bf\u0995\u09cd\u09af\u09be\u09b2 (\u09b8\u09ab\u09cd\u099f\u0993\u09af\u09bc\u09cd\u09af\u09be\u09b0) \u09b8\u09bf\u09b8\u09cd\u099f\u09c7\u09ae, \u098f\u09b0 \u09b8\u09b0\u09ac\u09b0\u09be\u09b9\u0995\u09be\u09b0\u09c0 \u09ac\u09be \u09a4\u09c3\u09a4\u09c0\u09af\u09bc \u09aa\u0995\u09cd\u09b7\u09c7\u09b0 \u0995\u09cd\u09b7\u09a4\u09bf \u09a8\u09be \u0995\u09b0\u09be, \u0995\u09ae\u09cd\u09aa\u09bf\u0989\u099f\u09be\u09b0 \u09ad\u09be\u0987\u09b0\u09be\u09b8 \u09ac\u09be \u0985\u09a8\u09cd\u09af \u0995\u09cb\u09a8\u0993 \u09b9\u09be\u09b0\u09cd\u09a1\u0993\u09af\u09bc\u09cd\u09af\u09be\u09b0 \u09ac\u09be \u09b8\u09ab\u09cd\u099f\u0993\u09af\u09bc\u09cd\u09af\u09be\u09b0 \u09b8\u09bf\u09b8\u09cd\u099f\u09c7\u09ae \u09aa\u09cd\u09b0\u09ac\u09b0\u09cd\u09a4\u09a8 \u09ac\u09be \u09aa\u09cd\u09b0\u099a\u09be\u09b0 \u09a8\u09be \u0995\u09b0\u09be \u09af\u09be \u0989\u09aa\u09b0\u09c7 \u0989\u09b2\u09cd\u09b2\u09bf\u0996\u09bf\u09a4 \u0995\u09cd\u09b7\u09a4\u09bf \u0995\u09b0\u09a4\u09c7 \u09b8\u0995\u09cd\u09b7\u09ae\u0964<\/span><\/li>\n<\/ul>\n<h3><span style=\"color: #444444;\">\u0985\u09a7\u09bf\u0995 \u09a4\u09a5\u09cd\u09af<\/span><\/h3>\n<p><span style=\"color: #444444;\">\u0986\u09b6\u09be \u0995\u09b0\u09bf \u098f\u09a4\u09c7 \u0986\u09aa\u09a8\u09be\u09b0 \u099c\u09a8\u09cd\u09af \u09ac\u09bf\u09b7\u09af\u09bc\u0997\u09c1\u09b2\u09bf \u09b8\u09cd\u09aa\u09b7\u09cd\u099f \u09b9\u09af\u09bc\u09c7 \u0997\u09c7\u099b\u09c7 \u098f\u09ac\u0982 \u09af\u09c7\u09ae\u09a8\u099f\u09bf \u0986\u0997\u09c7 \u0989\u09b2\u09cd\u09b2\u09c7\u0996 \u0995\u09b0\u09be \u09b9\u09af\u09bc\u09c7\u099b\u09c7, \u09af\u09a6\u09bf \u098f\u09ae\u09a8 \u0995\u09bf\u099b\u09c1 \u09a5\u09be\u0995\u09c7 \u09af\u09be \u0986\u09aa\u09a8\u09be\u09b0 \u09aa\u09cd\u09b0\u09af\u09bc\u09cb\u099c\u09a8 \u0995\u09bf\u09a8\u09be \u09a4\u09be \u09a8\u09bf\u09b6\u09cd\u099a\u09bf\u09a4 \u09a8\u09be \u09b9\u09a8 \u09a4\u09ac\u09c7 \u09b8\u09be\u09a7\u09be\u09b0\u09a3\u09a4 \u0995\u09c1\u0995\u09bf\u099c \u09b8\u0995\u09cd\u09b0\u09bf\u09af\u09bc \u09b0\u09be\u0996\u09be \u09a8\u09bf\u09b0\u09be\u09aa\u09a6 \u09a5\u09be\u0995\u09c7 \u09af\u09a6\u09bf \u098f\u099f\u09bf \u0986\u09ae\u09be\u09a6\u09c7\u09b0 \u09b8\u09be\u0987\u099f\u09c7 \u0986\u09aa\u09a8\u09be\u09b0 \u09ac\u09cd\u09af\u09ac\u09b9\u09c3\u09a4 \u0995\u09cb\u09a8\u0993 \u09ac\u09c8\u09b6\u09bf\u09b7\u09cd\u099f\u09cd\u09af\u09c7\u09b0 \u09b8\u09be\u09a5\u09c7 \u0987\u09a8\u09cd\u099f\u09be\u09b0\u0985\u09cd\u09af\u09be\u0995\u09cd\u099f \u0995\u09b0\u09c7\u0964<\/span><\/p>\n<p><span style=\"color: #444444;\">\u098f\u0987 \u09a8\u09c0\u09a4\u09bf\u099f\u09bf \u09e8 \u099c\u09be\u09a8\u09c1\u09af\u09bc\u09be\u09b0\u09c0 \u09e8\u09e6\u09e8\u09e6 \u09e8\u09e9:\u09e6\u09eb \u09a4\u09be\u09b0\u09bf\u0996 \u09a5\u09c7\u0995\u09c7 \u0995\u09be\u09b0\u09cd\u09af\u0995\u09b0\u0964<\/span><\/p>","protected":false},"excerpt":{"rendered":"<p>Pol\u00edtica Privacidade A sua privacidade \u00e9 importante para n\u00f3s. \u00c9 pol\u00edtica do https:\/\/clomid.live\/ respeitar a sua privacidade em rela\u00e7\u00e3o a qualquer informa\u00e7\u00e3o sua que possamos coletar no site https:\/\/clomid.live\/, e &hellip; <\/p>","protected":false},"author":10,"featured_media":0,"parent":0,"menu_order":0,"comment_status":"closed","ping_status":"open","template":"","meta":{"footnotes":""},"class_list":["post-3","page","type-page","status-publish","hentry","latest_post"],"yoast_head":"<!-- This site is optimized with the Yoast SEO plugin v26.3 - https:\/\/yoast.com\/wordpress\/plugins\/seo\/ -->\n<title>Pol\u00edtica de privacidade - Clomid<\/title>\n<meta name=\"robots\" content=\"index, follow, max-snippet:-1, max-image-preview:large, max-video-preview:-1\" \/>\n<link rel=\"canonical\" href=\"https:\/\/clomid.live\/bn\/politica-de-privacidade\/\" \/>\n<meta property=\"og:locale\" content=\"en_US\" \/>\n<meta property=\"og:type\" content=\"article\" \/>\n<meta property=\"og:title\" content=\"Pol\u00edtica de privacidade - Clomid\" \/>\n<meta property=\"og:description\" content=\"Pol\u00edtica Privacidade A sua privacidade \u00e9 importante para n\u00f3s. \u00c9 pol\u00edtica do https:\/\/clomid.live\/ respeitar a sua privacidade em rela\u00e7\u00e3o a qualquer informa\u00e7\u00e3o sua que possamos coletar no site https:\/\/clomid.live\/, e &hellip;\" \/>\n<meta property=\"og:url\" content=\"https:\/\/clomid.live\/bn\/politica-de-privacidade\/\" \/>\n<meta property=\"og:site_name\" content=\"Clomid\" \/>\n<meta property=\"article:modified_time\" content=\"2023-01-02T23:06:33+00:00\" \/>\n<meta name=\"twitter:card\" content=\"summary_large_image\" \/>\n<meta name=\"twitter:label1\" content=\"Est. reading time\" \/>\n\t<meta name=\"twitter:data1\" content=\"4 \u09ae\u09bf\u09a8\u09bf\u099f\" \/>\n<script type=\"application\/ld+json\" class=\"yoast-schema-graph\">{\"@context\":\"https:\/\/schema.org\",\"@graph\":[{\"@type\":\"WebPage\",\"@id\":\"https:\/\/clomid.live\/politica-de-privacidade\/\",\"url\":\"https:\/\/clomid.live\/politica-de-privacidade\/\",\"name\":\"Pol\u00edtica de privacidade - Clomid\",\"isPartOf\":{\"@id\":\"https:\/\/clomid.live\/#website\"},\"datePublished\":\"2023-01-02T21:51:33+00:00\",\"dateModified\":\"2023-01-02T23:06:33+00:00\",\"breadcrumb\":{\"@id\":\"https:\/\/clomid.live\/politica-de-privacidade\/#breadcrumb\"},\"inLanguage\":\"bn-BD\",\"potentialAction\":[{\"@type\":\"ReadAction\",\"target\":[\"https:\/\/clomid.live\/politica-de-privacidade\/\"]}]},{\"@type\":\"BreadcrumbList\",\"@id\":\"https:\/\/clomid.live\/politica-de-privacidade\/#breadcrumb\",\"itemListElement\":[{\"@type\":\"ListItem\",\"position\":1,\"name\":\"Home\",\"item\":\"https:\/\/clomid.live\/\"},{\"@type\":\"ListItem\",\"position\":2,\"name\":\"Pol\u00edtica de privacidade\"}]},{\"@type\":\"WebSite\",\"@id\":\"https:\/\/clomid.live\/#website\",\"url\":\"https:\/\/clomid.live\/\",\"name\":\"Clomid\",\"description\":\"\",\"potentialAction\":[{\"@type\":\"SearchAction\",\"target\":{\"@type\":\"EntryPoint\",\"urlTemplate\":\"https:\/\/clomid.live\/?s={search_term_string}\"},\"query-input\":{\"@type\":\"PropertyValueSpecification\",\"valueRequired\":true,\"valueName\":\"search_term_string\"}}],\"inLanguage\":\"bn-BD\"}]}<\/script>\n<!-- \/ Yoast SEO plugin. -->","yoast_head_json":{"title":"Pol\u00edtica de privacidade - Clomid","robots":{"index":"index","follow":"follow","max-snippet":"max-snippet:-1","max-image-preview":"max-image-preview:large","max-video-preview":"max-video-preview:-1"},"canonical":"https:\/\/clomid.live\/bn\/politica-de-privacidade\/","og_locale":"en_US","og_type":"article","og_title":"Pol\u00edtica de privacidade - Clomid","og_description":"Pol\u00edtica Privacidade A sua privacidade \u00e9 importante para n\u00f3s. \u00c9 pol\u00edtica do https:\/\/clomid.live\/ respeitar a sua privacidade em rela\u00e7\u00e3o a qualquer informa\u00e7\u00e3o sua que possamos coletar no site https:\/\/clomid.live\/, e &hellip;","og_url":"https:\/\/clomid.live\/bn\/politica-de-privacidade\/","og_site_name":"Clomid","article_modified_time":"2023-01-02T23:06:33+00:00","twitter_card":"summary_large_image","twitter_misc":{"Est. reading time":"4 \u09ae\u09bf\u09a8\u09bf\u099f"},"schema":{"@context":"https:\/\/schema.org","@graph":[{"@type":"WebPage","@id":"https:\/\/clomid.live\/politica-de-privacidade\/","url":"https:\/\/clomid.live\/politica-de-privacidade\/","name":"Pol\u00edtica de privacidade - Clomid","isPartOf":{"@id":"https:\/\/clomid.live\/#website"},"datePublished":"2023-01-02T21:51:33+00:00","dateModified":"2023-01-02T23:06:33+00:00","breadcrumb":{"@id":"https:\/\/clomid.live\/politica-de-privacidade\/#breadcrumb"},"inLanguage":"bn-BD","potentialAction":[{"@type":"ReadAction","target":["https:\/\/clomid.live\/politica-de-privacidade\/"]}]},{"@type":"BreadcrumbList","@id":"https:\/\/clomid.live\/politica-de-privacidade\/#breadcrumb","itemListElement":[{"@type":"ListItem","position":1,"name":"Home","item":"https:\/\/clomid.live\/"},{"@type":"ListItem","position":2,"name":"Pol\u00edtica de privacidade"}]},{"@type":"WebSite","@id":"https:\/\/clomid.live\/#website","url":"https:\/\/clomid.live\/","name":"\u0995\u09cd\u09b2\u09cb\u09ae\u09bf\u09a1","description":"","potentialAction":[{"@type":"SearchAction","target":{"@type":"EntryPoint","urlTemplate":"https:\/\/clomid.live\/?s={search_term_string}"},"query-input":{"@type":"PropertyValueSpecification","valueRequired":true,"valueName":"search_term_string"}}],"inLanguage":"bn-BD"}]}},"_links":{"self":[{"href":"https:\/\/clomid.live\/bn\/wp-json\/wp\/v2\/pages\/3","targetHints":{"allow":["GET"]}}],"collection":[{"href":"https:\/\/clomid.live\/bn\/wp-json\/wp\/v2\/pages"}],"about":[{"href":"https:\/\/clomid.live\/bn\/wp-json\/wp\/v2\/types\/page"}],"author":[{"embeddable":true,"href":"https:\/\/clomid.live\/bn\/wp-json\/wp\/v2\/users\/10"}],"replies":[{"embeddable":true,"href":"https:\/\/clomid.live\/bn\/wp-json\/wp\/v2\/comments?post=3"}],"version-history":[{"count":1,"href":"https:\/\/clomid.live\/bn\/wp-json\/wp\/v2\/pages\/3\/revisions"}],"predecessor-version":[{"id":75,"href":"https:\/\/clomid.live\/bn\/wp-json\/wp\/v2\/pages\/3\/revisions\/75"}],"wp:attachment":[{"href":"https:\/\/clomid.live\/bn\/wp-json\/wp\/v2\/media?parent=3"}],"curies":[{"name":"wp","href":"https:\/\/api.w.org\/{rel}","templated":true}]}}