{"id":5457,"date":"2024-12-05T15:33:09","date_gmt":"2024-12-05T18:33:09","guid":{"rendered":"https:\/\/clomid.live\/?page_id=5457"},"modified":"2025-04-23T12:04:59","modified_gmt":"2025-04-23T15:04:59","slug":"sobre-nos","status":"publish","type":"page","link":"https:\/\/clomid.live\/el\/sobre-nos\/","title":{"rendered":"\u03a3\u03c7\u03b5\u03c4\u03b9\u03ba\u03ac \u03bc\u03b5 \u03b5\u03bc\u03ac\u03c2"},"content":{"rendered":"<p>\u03a3\u03c4\u03b7\u03bd Clomid, \u03c0\u03b9\u03c3\u03c4\u03b5\u03cd\u03bf\u03c5\u03bc\u03b5 \u03cc\u03c4\u03b9 \u03b7 \u03b5\u03c5\u03b5\u03be\u03af\u03b1 \u03b5\u03af\u03bd\u03b1\u03b9 \u03c4\u03bf \u03ba\u03bb\u03b5\u03b9\u03b4\u03af \u03b3\u03b9\u03b1 \u03bc\u03b9\u03b1 \u03b9\u03c3\u03bf\u03c1\u03c1\u03bf\u03c0\u03b7\u03bc\u03ad\u03bd\u03b7 \u03ba\u03b1\u03b9 \u03b5\u03c5\u03c4\u03c5\u03c7\u03b9\u03c3\u03bc\u03ad\u03bd\u03b7 \u03b6\u03c9\u03ae. \u03a4\u03bf \u03b9\u03c3\u03c4\u03bf\u03bb\u03cc\u03b3\u03b9\u03cc \u03bc\u03b1\u03c2 \u03b5\u03af\u03bd\u03b1\u03b9 \u03b1\u03c6\u03b9\u03b5\u03c1\u03c9\u03bc\u03ad\u03bd\u03bf \u03c3\u03c4\u03b7\u03bd \u03c0\u03b1\u03c1\u03bf\u03c7\u03ae \u03c0\u03c1\u03b1\u03ba\u03c4\u03b9\u03ba\u03ce\u03bd \u03c3\u03c5\u03bc\u03b2\u03bf\u03c5\u03bb\u03ce\u03bd, \u03c0\u03bb\u03b7\u03c1\u03bf\u03c6\u03bf\u03c1\u03b9\u03ce\u03bd \u03b2\u03b1\u03c3\u03b9\u03c3\u03bc\u03ad\u03bd\u03c9\u03bd \u03c3\u03b5 \u03ad\u03c1\u03b5\u03c5\u03bd\u03b1 \u03ba\u03b1\u03b9 \u03ad\u03bc\u03c0\u03bd\u03b5\u03c5\u03c3\u03b7\u03c2 \u03c0\u03bf\u03c5 \u03b8\u03b1 \u03c3\u03b1\u03c2 \u03b2\u03bf\u03b7\u03b8\u03ae\u03c3\u03bf\u03c5\u03bd \u03bd\u03b1 \u03c6\u03c1\u03bf\u03bd\u03c4\u03af\u03c3\u03b5\u03c4\u03b5 \u03c4\u03bf \u03c3\u03ce\u03bc\u03b1, \u03c4\u03bf \u03bc\u03c5\u03b1\u03bb\u03cc \u03ba\u03b1\u03b9 \u03c4\u03bf \u03c0\u03bd\u03b5\u03cd\u03bc\u03b1 \u03c3\u03b1\u03c2. \u039c\u03b5 \u03bc\u03b9\u03b1 \u03bf\u03bb\u03b9\u03c3\u03c4\u03b9\u03ba\u03ae \u03c0\u03c1\u03bf\u03c3\u03ad\u03b3\u03b3\u03b9\u03c3\u03b7, \u03b1\u03c3\u03c7\u03bf\u03bb\u03bf\u03cd\u03bc\u03b1\u03c3\u03c4\u03b5 \u03bc\u03b5 \u03b8\u03ad\u03bc\u03b1\u03c4\u03b1 \u03cc\u03c0\u03c9\u03c2 \u03b7 \u03b4\u03b9\u03b1\u03c4\u03c1\u03bf\u03c6\u03ae, \u03b7 \u03ac\u03c3\u03ba\u03b7\u03c3\u03b7 \u03ba\u03b1\u03b9 \u03b7 \u03b1\u03c5\u03c4\u03bf\u03c6\u03c1\u03bf\u03bd\u03c4\u03af\u03b4\u03b1, \u03c0\u03ac\u03bd\u03c4\u03b1 \u03bc\u03b5 \u03c3\u03c4\u03cc\u03c7\u03bf \u03c4\u03b7\u03bd \u03c0\u03c1\u03bf\u03ce\u03b8\u03b7\u03c3\u03b7 \u03b5\u03bd\u03cc\u03c2 \u03c5\u03b3\u03b9\u03b5\u03b9\u03bd\u03bf\u03cd \u03ba\u03b1\u03b9 \u03b2\u03b9\u03ce\u03c3\u03b9\u03bc\u03bf\u03c5 \u03c4\u03c1\u03cc\u03c0\u03bf\u03c5 \u03b6\u03c9\u03ae\u03c2. \u0395\u03bb\u03ac\u03c4\u03b5 \u03bc\u03b1\u03b6\u03af \u03bc\u03b1\u03c2 \u03c3\u03b5 \u03b1\u03c5\u03c4\u03cc \u03c4\u03bf \u03c4\u03b1\u03be\u03af\u03b4\u03b9 \u03b3\u03b9\u03b1 \u03bd\u03b1 \u03b1\u03bd\u03b1\u03ba\u03b1\u03bb\u03cd\u03c8\u03b5\u03c4\u03b5 \u03c4\u03bf\u03bd \u03ba\u03b1\u03bb\u03cd\u03c4\u03b5\u03c1\u03bf \u03b5\u03b1\u03c5\u03c4\u03cc \u03c3\u03b1\u03c2! \u0391\u03bd \u03c7\u03c1\u03b5\u03b9\u03b1\u03c3\u03c4\u03b5\u03af \u03bd\u03b1 \u03b5\u03c0\u03b9\u03ba\u03bf\u03b9\u03bd\u03c9\u03bd\u03ae\u03c3\u03b5\u03c4\u03b5 \u03bc\u03b1\u03b6\u03af \u03bc\u03b1\u03c2, \u03c0\u03b1\u03c1\u03b1\u03ba\u03b1\u03bb\u03bf\u03cd\u03bc\u03b5 \u03c7\u03c1\u03b7\u03c3\u03b9\u03bc\u03bf\u03c0\u03bf\u03b9\u03ae\u03c3\u03c4\u03b5 \u03c4\u03bf email\u00a0<a href=\"https:\/\/clomid.live\/el\/\">contato@clomid.live<\/a><\/p>\n\n\n\n<p><\/p>","protected":false},"excerpt":{"rendered":"<p>No Clomid, acreditamos que o bem-estar \u00e9 a chave para uma vida equilibrada e feliz. Nosso blog \u00e9 dedicado a oferecer dicas pr\u00e1ticas, insights baseados em pesquisas e inspira\u00e7\u00e3o para &hellip; <\/p>","protected":false},"author":10,"featured_media":0,"parent":0,"menu_order":0,"comment_status":"closed","ping_status":"closed","template":"","meta":{"footnotes":""},"class_list":["post-5457","page","type-page","status-publish","hentry","latest_post"],"yoast_head":"<!-- This site is optimized with the Yoast SEO plugin v26.3 - https:\/\/yoast.com\/wordpress\/plugins\/seo\/ -->\n<title>Sobre N\u00f3s - Clomid<\/title>\n<meta name=\"robots\" content=\"index, follow, max-snippet:-1, max-image-preview:large, max-video-preview:-1\" \/>\n<link rel=\"canonical\" href=\"https:\/\/clomid.live\/el\/sobre-nos\/\" \/>\n<meta property=\"og:locale\" content=\"el_GR\" \/>\n<meta property=\"og:type\" content=\"article\" \/>\n<meta property=\"og:title\" content=\"Sobre N\u00f3s - Clomid\" \/>\n<meta property=\"og:description\" content=\"No Clomid, acreditamos que o bem-estar \u00e9 a chave para uma vida equilibrada e feliz. Nosso blog \u00e9 dedicado a oferecer dicas pr\u00e1ticas, insights baseados em pesquisas e inspira\u00e7\u00e3o para &hellip;\" \/>\n<meta property=\"og:url\" content=\"https:\/\/clomid.live\/el\/sobre-nos\/\" \/>\n<meta property=\"og:site_name\" content=\"Clomid\" \/>\n<meta property=\"article:modified_time\" content=\"2025-04-23T15:04:59+00:00\" \/>\n<meta name=\"twitter:card\" content=\"summary_large_image\" \/>\n<meta name=\"twitter:label1\" content=\"\u0395\u03ba\u03c4\u03b9\u03bc\u03ce\u03bc\u03b5\u03bd\u03bf\u03c2 \u03c7\u03c1\u03cc\u03bd\u03bf\u03c2 \u03b1\u03bd\u03ac\u03b3\u03bd\u03c9\u03c3\u03b7\u03c2\" \/>\n\t<meta name=\"twitter:data1\" content=\"1 \u03bb\u03b5\u03c0\u03c4\u03cc\" \/>\n<script type=\"application\/ld+json\" class=\"yoast-schema-graph\">{\"@context\":\"https:\/\/schema.org\",\"@graph\":[{\"@type\":\"WebPage\",\"@id\":\"https:\/\/clomid.live\/sobre-nos\/\",\"url\":\"https:\/\/clomid.live\/sobre-nos\/\",\"name\":\"Sobre N\u00f3s - Clomid\",\"isPartOf\":{\"@id\":\"https:\/\/clomid.live\/#website\"},\"datePublished\":\"2024-12-05T18:33:09+00:00\",\"dateModified\":\"2025-04-23T15:04:59+00:00\",\"breadcrumb\":{\"@id\":\"https:\/\/clomid.live\/sobre-nos\/#breadcrumb\"},\"inLanguage\":\"el\",\"potentialAction\":[{\"@type\":\"ReadAction\",\"target\":[\"https:\/\/clomid.live\/sobre-nos\/\"]}]},{\"@type\":\"BreadcrumbList\",\"@id\":\"https:\/\/clomid.live\/sobre-nos\/#breadcrumb\",\"itemListElement\":[{\"@type\":\"ListItem\",\"position\":1,\"name\":\"Home\",\"item\":\"https:\/\/clomid.live\/\"},{\"@type\":\"ListItem\",\"position\":2,\"name\":\"Sobre N\u00f3s\"}]},{\"@type\":\"WebSite\",\"@id\":\"https:\/\/clomid.live\/#website\",\"url\":\"https:\/\/clomid.live\/\",\"name\":\"Clomid\",\"description\":\"\",\"potentialAction\":[{\"@type\":\"SearchAction\",\"target\":{\"@type\":\"EntryPoint\",\"urlTemplate\":\"https:\/\/clomid.live\/?s={search_term_string}\"},\"query-input\":{\"@type\":\"PropertyValueSpecification\",\"valueRequired\":true,\"valueName\":\"search_term_string\"}}],\"inLanguage\":\"el\"}]}<\/script>\n<!-- \/ Yoast SEO plugin. -->","yoast_head_json":{"title":"Sobre N\u00f3s - Clomid","robots":{"index":"index","follow":"follow","max-snippet":"max-snippet:-1","max-image-preview":"max-image-preview:large","max-video-preview":"max-video-preview:-1"},"canonical":"https:\/\/clomid.live\/el\/sobre-nos\/","og_locale":"el_GR","og_type":"article","og_title":"Sobre N\u00f3s - Clomid","og_description":"No Clomid, acreditamos que o bem-estar \u00e9 a chave para uma vida equilibrada e feliz. Nosso blog \u00e9 dedicado a oferecer dicas pr\u00e1ticas, insights baseados em pesquisas e inspira\u00e7\u00e3o para &hellip;","og_url":"https:\/\/clomid.live\/el\/sobre-nos\/","og_site_name":"Clomid","article_modified_time":"2025-04-23T15:04:59+00:00","twitter_card":"summary_large_image","twitter_misc":{"\u0395\u03ba\u03c4\u03b9\u03bc\u03ce\u03bc\u03b5\u03bd\u03bf\u03c2 \u03c7\u03c1\u03cc\u03bd\u03bf\u03c2 \u03b1\u03bd\u03ac\u03b3\u03bd\u03c9\u03c3\u03b7\u03c2":"1 \u03bb\u03b5\u03c0\u03c4\u03cc"},"schema":{"@context":"https:\/\/schema.org","@graph":[{"@type":"WebPage","@id":"https:\/\/clomid.live\/sobre-nos\/","url":"https:\/\/clomid.live\/sobre-nos\/","name":"Sobre N\u00f3s - Clomid","isPartOf":{"@id":"https:\/\/clomid.live\/#website"},"datePublished":"2024-12-05T18:33:09+00:00","dateModified":"2025-04-23T15:04:59+00:00","breadcrumb":{"@id":"https:\/\/clomid.live\/sobre-nos\/#breadcrumb"},"inLanguage":"el","potentialAction":[{"@type":"ReadAction","target":["https:\/\/clomid.live\/sobre-nos\/"]}]},{"@type":"BreadcrumbList","@id":"https:\/\/clomid.live\/sobre-nos\/#breadcrumb","itemListElement":[{"@type":"ListItem","position":1,"name":"Home","item":"https:\/\/clomid.live\/"},{"@type":"ListItem","position":2,"name":"Sobre N\u00f3s"}]},{"@type":"WebSite","@id":"https:\/\/clomid.live\/#website","url":"https:\/\/clomid.live\/","name":"Clomid","description":"","potentialAction":[{"@type":"SearchAction","target":{"@type":"EntryPoint","urlTemplate":"https:\/\/clomid.live\/?s={search_term_string}"},"query-input":{"@type":"PropertyValueSpecification","valueRequired":true,"valueName":"search_term_string"}}],"inLanguage":"el"}]}},"_links":{"self":[{"href":"https:\/\/clomid.live\/el\/wp-json\/wp\/v2\/pages\/5457","targetHints":{"allow":["GET"]}}],"collection":[{"href":"https:\/\/clomid.live\/el\/wp-json\/wp\/v2\/pages"}],"about":[{"href":"https:\/\/clomid.live\/el\/wp-json\/wp\/v2\/types\/page"}],"author":[{"embeddable":true,"href":"https:\/\/clomid.live\/el\/wp-json\/wp\/v2\/users\/10"}],"replies":[{"embeddable":true,"href":"https:\/\/clomid.live\/el\/wp-json\/wp\/v2\/comments?post=5457"}],"version-history":[{"count":3,"href":"https:\/\/clomid.live\/el\/wp-json\/wp\/v2\/pages\/5457\/revisions"}],"predecessor-version":[{"id":5779,"href":"https:\/\/clomid.live\/el\/wp-json\/wp\/v2\/pages\/5457\/revisions\/5779"}],"wp:attachment":[{"href":"https:\/\/clomid.live\/el\/wp-json\/wp\/v2\/media?parent=5457"}],"curies":[{"name":"\u03b5\u03c1\u03b3\u03b1\u03c3\u03af\u03b1","href":"https:\/\/api.w.org\/{rel}","templated":true}]}}