{"id":2,"date":"2023-01-02T18:51:33","date_gmt":"2023-01-02T21:51:33","guid":{"rendered":"https:\/\/clomid.live\/?page_id=2"},"modified":"2023-01-02T20:07:27","modified_gmt":"2023-01-02T23:07:27","slug":"termos-de-uso","status":"publish","type":"page","link":"https:\/\/clomid.live\/hr\/termos-de-uso\/","title":{"rendered":"Uvjeti kori\u0161tenja"},"content":{"rendered":"<h2><span style=\"color: #444444;\">1. Uvjeti<\/span><\/h2>\n<p><span style=\"color: #444444;\">Prilikom pristupa web stranici <a href=\"https:\/\/clomid.live\/hr\/\">https:\/\/clomid.live\/<\/a>, suglasni ste po\u0161tivati \u200b\u200bove uvjete pru\u017eanja usluge, sve primjenjive zakone i propise i sla\u017eete se da ste odgovorni za po\u0161tivanje svih primjenjivih lokalnih zakona. Ako se ne sla\u017eete s bilo kojim od ovih uvjeta, zabranjeno vam je kori\u0161tenje ili pristup ovoj stranici. Materijali sadr\u017eani na ovoj stranici za\u0161ti\u0107eni su va\u017ee\u0107im zakonima o autorskim pravima i za\u0161titnim znakovima.<\/span><\/p>\n<h2><span style=\"color: #444444;\">2. Kori\u0161tenje licence<\/span><\/h2>\n<p><span style=\"color: #444444;\">Dopu\u0161teno je privremeno preuzimanje jedne kopije materijala (informacija ili softvera) na https:\/\/clomid.live\/ samo za osobno, nekomercijalno prolazno gledanje. Ovo je dodjela licence, a ne prijenos vlasni\u0161tva, i prema ovoj licenci ne smijete:\u00a0<\/span><\/p>\n<ol>\n<li><span style=\"color: #444444;\">mijenjati ili kopirati materijale;\u00a0<\/span><\/li>\n<li><span style=\"color: #444444;\">koristiti materijale u bilo koju komercijalnu svrhu ili za javno prikazivanje (komercijalno ili nekomercijalno);\u00a0<\/span><\/li>\n<li><span style=\"color: #444444;\">poku\u0161ati dekompilirati ili obrnuti in\u017eenjering bilo kojeg softvera sadr\u017eanog na https:\/\/clomid.live\/;\u00a0<\/span><\/li>\n<li><span style=\"color: #444444;\">ukloniti sva autorska prava ili druge vlasni\u010dke oznake iz materijala; ili\u00a0<\/span><\/li>\n<li><span style=\"color: #444444;\">prenijeti materijale drugoj osobi ili &#039;zrcaliti&#039; materijale na bilo kojem drugom poslu\u017eitelju.<\/span><\/li>\n<\/ol>\n<p><span style=\"color: #444444;\">Ova licenca \u0107e automatski prestati ako prekr\u0161ite bilo koje od ovih ograni\u010denja i mo\u017ee je prekinuti https:\/\/clomid.live\/ u bilo kojem trenutku. Nakon prekida pregledavanja ovih materijala ili nakon raskida ove licence, morate izbrisati sve preuzete materijale u svom posjedu, bilo u elektroni\u010dkom ili tiskanom obliku.<\/span><\/p>\n<h2><span style=\"color: #444444;\">3. Odricanje od odgovornosti<\/span><\/h2>\n<ol>\n<li><span style=\"color: #444444;\">Materijali na web stranici https:\/\/clomid.live\/ dostupni su &quot;kakvi jesu&quot;. https:\/\/clomid.live\/ ne daje nikakva jamstva, izri\u010dita ili pre\u0161utna, te se ovime odri\u010de i negira sva druga jamstva, uklju\u010duju\u0107i, bez ograni\u010denja, implicitna jamstva ili uvjete utr\u017eivosti, prikladnosti za odre\u0111enu svrhu ili intelektualno vlasni\u0161tvo bez kr\u0161enja ili druge povrede prava.<\/span><\/li>\n<li><span style=\"color: #444444;\">Nadalje, https:\/\/clomid.live\/ ne jam\u010di niti daje bilo kakve izjave o to\u010dnosti, vjerojatnim rezultatima ili pouzdanosti upotrebe materijala na svojoj web stranici ili na neki drugi na\u010din koji se odnosi na takve materijale ili na bilo koje stranice povezane s ovom stranicom.<\/span><\/li>\n<\/ol>\n<h2><span style=\"color: #444444;\">4. Ograni\u010denja<\/span><\/h2>\n<p><span style=\"color: #444444;\">Ni u kojem slu\u010daju https:\/\/clomid.live\/ ili njegovi dobavlja\u010di ne\u0107e biti odgovorni za bilo kakvu \u0161tetu (uklju\u010duju\u0107i, bez ograni\u010denja, \u0161tetu zbog gubitka podataka ili dobiti, ili zbog prekida poslovanja) proiza\u0161lu iz upotrebe ili nemogu\u0107nosti upotrebe materijale na https:\/\/clomid.live\/, \u010dak i ako je https:\/\/clomid.live\/ ili https:\/\/clomid.live\/ ovla\u0161teni predstavnik obavije\u0161ten usmeno ili pismeno o mogu\u0107nosti takve \u0161tete. Budu\u0107i da neke jurisdikcije ne dopu\u0161taju ograni\u010denja implicitnih jamstava ili ograni\u010denja odgovornosti za posljedi\u010dne ili slu\u010dajne \u0161tete, ta se ograni\u010denja mo\u017eda ne odnose na vas.<\/span><\/p>\n<h2><span style=\"color: #444444;\">5. Preciznost materijala<\/span><\/h2>\n<p><span style=\"color: #444444;\">Materijali koji se pojavljuju na web stranici https:\/\/clomid.live\/ mogu sadr\u017eavati tehni\u010dke, tipografske ili fotografske pogre\u0161ke. https:\/\/clomid.live\/ ne jam\u010di da su materijali na njegovoj web stranici to\u010dni, potpuni ili aktualni. https:\/\/clomid.live\/ mo\u017ee mijenjati materijale sadr\u017eane na svojoj web stranici u bilo kojem trenutku bez prethodne obavijesti. Me\u0111utim, https:\/\/clomid.live\/ ne preuzima nikakvu obvezu a\u017euriranja materijala.<\/span><\/p>\n<h2><span style=\"color: #444444;\">6. Poveznice<\/span><\/h2>\n<p><span style=\"color: #444444;\">https:\/\/clomid.live\/ nije pregledao sve stranice povezane s njegovom web stranicom i nije odgovoran za sadr\u017eaj bilo koje povezane stranice. Uklju\u010divanje bilo koje poveznice ne podrazumijeva odobravanje stranice od strane https:\/\/clomid.live\/. Kori\u0161tenje bilo koje povezane stranice je na vlastitu odgovornost korisnika.<\/span><\/p>\n<p>&nbsp;<\/p>\n<h3><span style=\"color: #444444;\">Izmjene<\/span><\/h3>\n<p><span style=\"color: #444444;\">https:\/\/clomid.live\/ mo\u017ee revidirati ove uvjete pru\u017eanja usluge za svoje web mjesto u bilo kojem trenutku bez prethodne obavijesti. Kori\u0161tenjem ove web stranice suglasni ste s trenutnom verzijom ovih uvjeta pru\u017eanja usluge.<\/span><\/p>\n<h3><span style=\"color: #444444;\">Mjerodavno pravo<\/span><\/h3>\n<p><span style=\"color: #444444;\">Ovi uvjeti i odredbe ure\u0111eni su i tuma\u010de se u skladu sa zakonima https:\/\/clomid.live\/ i vi se neopozivo podvrgavate isklju\u010divoj nadle\u017enosti sudova u toj dr\u017eavi ili lokaciji.<\/span><\/p>","protected":false},"excerpt":{"rendered":"<p>1. Uvjeti Pristupom web stranici https:\/\/clomid.live\/ pristajete na po\u0161tivanje ovih uvjeta pru\u017eanja usluge, svih primjenjivih zakona i propisa te pristajete da ste odgovorni za po\u0161tivanje svih \u2026 <\/p>","protected":false},"author":10,"featured_media":0,"parent":0,"menu_order":0,"comment_status":"closed","ping_status":"open","template":"","meta":{"footnotes":""},"class_list":["post-2","page","type-page","status-publish","hentry","latest_post"],"yoast_head":"<!-- This site is optimized with the Yoast SEO plugin v26.3 - https:\/\/yoast.com\/wordpress\/plugins\/seo\/ -->\n<title>Termos de uso - Clomid<\/title>\n<meta name=\"robots\" content=\"index, follow, max-snippet:-1, max-image-preview:large, max-video-preview:-1\" \/>\n<link rel=\"canonical\" href=\"https:\/\/clomid.live\/hr\/termos-de-uso\/\" \/>\n<meta property=\"og:locale\" content=\"hr_HR\" \/>\n<meta property=\"og:type\" content=\"article\" \/>\n<meta property=\"og:title\" content=\"Termos de uso - Clomid\" \/>\n<meta property=\"og:description\" content=\"1. Termos Ao acessar ao site https:\/\/clomid.live\/, concorda em cumprir estes termos de servi\u00e7o, todas as leis e regulamentos aplic\u00e1veis \u200b\u200be concorda que \u00e9 respons\u00e1vel pelo cumprimento de todas as &hellip;\" \/>\n<meta property=\"og:url\" content=\"https:\/\/clomid.live\/hr\/termos-de-uso\/\" \/>\n<meta property=\"og:site_name\" content=\"Clomid\" \/>\n<meta property=\"article:modified_time\" content=\"2023-01-02T23:07:27+00:00\" \/>\n<meta name=\"twitter:card\" content=\"summary_large_image\" \/>\n<meta name=\"twitter:label1\" content=\"Procijenjeno vrijeme \u010ditanja\" \/>\n\t<meta name=\"twitter:data1\" content=\"4 minute\" \/>\n<script type=\"application\/ld+json\" class=\"yoast-schema-graph\">{\"@context\":\"https:\/\/schema.org\",\"@graph\":[{\"@type\":\"WebPage\",\"@id\":\"https:\/\/clomid.live\/en\/termos-de-uso\/\",\"url\":\"https:\/\/clomid.live\/en\/termos-de-uso\/\",\"name\":\"Termos de uso - Clomid\",\"isPartOf\":{\"@id\":\"https:\/\/clomid.live\/#website\"},\"datePublished\":\"2023-01-02T21:51:33+00:00\",\"dateModified\":\"2023-01-02T23:07:27+00:00\",\"breadcrumb\":{\"@id\":\"https:\/\/clomid.live\/en\/termos-de-uso\/#breadcrumb\"},\"inLanguage\":\"hr\",\"potentialAction\":[{\"@type\":\"ReadAction\",\"target\":[\"https:\/\/clomid.live\/en\/termos-de-uso\/\"]}]},{\"@type\":\"BreadcrumbList\",\"@id\":\"https:\/\/clomid.live\/en\/termos-de-uso\/#breadcrumb\",\"itemListElement\":[{\"@type\":\"ListItem\",\"position\":1,\"name\":\"Home\",\"item\":\"https:\/\/clomid.live\/\"},{\"@type\":\"ListItem\",\"position\":2,\"name\":\"Termos de uso\"}]},{\"@type\":\"WebSite\",\"@id\":\"https:\/\/clomid.live\/#website\",\"url\":\"https:\/\/clomid.live\/\",\"name\":\"Clomid\",\"description\":\"\",\"potentialAction\":[{\"@type\":\"SearchAction\",\"target\":{\"@type\":\"EntryPoint\",\"urlTemplate\":\"https:\/\/clomid.live\/?s={search_term_string}\"},\"query-input\":{\"@type\":\"PropertyValueSpecification\",\"valueRequired\":true,\"valueName\":\"search_term_string\"}}],\"inLanguage\":\"hr\"}]}<\/script>\n<!-- \/ Yoast SEO plugin. -->","yoast_head_json":{"title":"Termos de uso - Clomid","robots":{"index":"index","follow":"follow","max-snippet":"max-snippet:-1","max-image-preview":"max-image-preview:large","max-video-preview":"max-video-preview:-1"},"canonical":"https:\/\/clomid.live\/hr\/termos-de-uso\/","og_locale":"hr_HR","og_type":"article","og_title":"Termos de uso - Clomid","og_description":"1. Termos Ao acessar ao site https:\/\/clomid.live\/, concorda em cumprir estes termos de servi\u00e7o, todas as leis e regulamentos aplic\u00e1veis \u200b\u200be concorda que \u00e9 respons\u00e1vel pelo cumprimento de todas as &hellip;","og_url":"https:\/\/clomid.live\/hr\/termos-de-uso\/","og_site_name":"Clomid","article_modified_time":"2023-01-02T23:07:27+00:00","twitter_card":"summary_large_image","twitter_misc":{"Procijenjeno vrijeme \u010ditanja":"4 minute"},"schema":{"@context":"https:\/\/schema.org","@graph":[{"@type":"WebPage","@id":"https:\/\/clomid.live\/en\/termos-de-uso\/","url":"https:\/\/clomid.live\/en\/termos-de-uso\/","name":"Termos de uso - Clomid","isPartOf":{"@id":"https:\/\/clomid.live\/#website"},"datePublished":"2023-01-02T21:51:33+00:00","dateModified":"2023-01-02T23:07:27+00:00","breadcrumb":{"@id":"https:\/\/clomid.live\/en\/termos-de-uso\/#breadcrumb"},"inLanguage":"hr","potentialAction":[{"@type":"ReadAction","target":["https:\/\/clomid.live\/en\/termos-de-uso\/"]}]},{"@type":"BreadcrumbList","@id":"https:\/\/clomid.live\/en\/termos-de-uso\/#breadcrumb","itemListElement":[{"@type":"ListItem","position":1,"name":"Home","item":"https:\/\/clomid.live\/"},{"@type":"ListItem","position":2,"name":"Termos de uso"}]},{"@type":"WebSite","@id":"https:\/\/clomid.live\/#website","url":"https:\/\/clomid.live\/","name":"Clomid","description":"","potentialAction":[{"@type":"SearchAction","target":{"@type":"EntryPoint","urlTemplate":"https:\/\/clomid.live\/?s={search_term_string}"},"query-input":{"@type":"PropertyValueSpecification","valueRequired":true,"valueName":"search_term_string"}}],"inLanguage":"hr"}]}},"_links":{"self":[{"href":"https:\/\/clomid.live\/hr\/wp-json\/wp\/v2\/pages\/2","targetHints":{"allow":["GET"]}}],"collection":[{"href":"https:\/\/clomid.live\/hr\/wp-json\/wp\/v2\/pages"}],"about":[{"href":"https:\/\/clomid.live\/hr\/wp-json\/wp\/v2\/types\/page"}],"author":[{"embeddable":true,"href":"https:\/\/clomid.live\/hr\/wp-json\/wp\/v2\/users\/10"}],"replies":[{"embeddable":true,"href":"https:\/\/clomid.live\/hr\/wp-json\/wp\/v2\/comments?post=2"}],"version-history":[{"count":1,"href":"https:\/\/clomid.live\/hr\/wp-json\/wp\/v2\/pages\/2\/revisions"}],"predecessor-version":[{"id":76,"href":"https:\/\/clomid.live\/hr\/wp-json\/wp\/v2\/pages\/2\/revisions\/76"}],"wp:attachment":[{"href":"https:\/\/clomid.live\/hr\/wp-json\/wp\/v2\/media?parent=2"}],"curies":[{"name":"radni list","href":"https:\/\/api.w.org\/{rel}","templated":true}]}}