{"id":3,"date":"2023-01-02T18:51:33","date_gmt":"2023-01-02T21:51:33","guid":{"rendered":"https:\/\/clomid.live\/?page_id=3"},"modified":"2023-01-02T20:06:33","modified_gmt":"2023-01-02T23:06:33","slug":"politica-de-privacidade","status":"publish","type":"page","link":"https:\/\/clomid.live\/hr\/politica-de-privacidade\/","title":{"rendered":"Politika privatnosti"},"content":{"rendered":"<h2><span style=\"color: #444444;\">Politika privatnosti<\/span><\/h2>\n<p><span style=\"color: #444444;\">Va\u0161a privatnost nam je va\u017ena. Politika https:\/\/clomid.live\/ je da po\u0161tuje va\u0161u privatnost u vezi sa svim informacijama koje mo\u017eemo prikupiti od vas na web mjestu <a href=\"https:\/\/clomid.live\/hr\/\">https:\/\/clomid.live\/<\/a>, i druge stranice koje posjedujemo i kojima upravljamo.<\/span><\/p>\n<p><span style=\"color: #444444;\">Osobne podatke tra\u017eimo samo kada su nam doista potrebni kako bismo vam pru\u017eili uslugu. To \u010dinimo po\u0161tenim i zakonitim sredstvima, uz va\u0161e znanje i pristanak. Tako\u0111er vam ka\u017eemo za\u0161to ih prikupljamo i kako \u0107emo ih koristiti.<\/span><\/p>\n<p><span style=\"color: #444444;\">Prikupljene podatke zadr\u017eavamo samo onoliko dugo koliko je potrebno za pru\u017eanje tra\u017eene usluge. Kada pohranjujemo podatke, \u0161titimo ih u okviru komercijalno prihvatljivih sredstava kako bismo sprije\u010dili gubitak i kra\u0111u, kao i neovla\u0161teni pristup, otkrivanje, kopiranje, kori\u0161tenje ili modificiranje.<\/span><\/p>\n<p><span style=\"color: #444444;\">Ne dijelimo osobne podatke javno ili s tre\u0107im stranama, osim kada to zahtijeva zakon.<\/span><\/p>\n<p><span style=\"color: #444444;\">Na\u0161a web stranica mo\u017ee sadr\u017eavati poveznice na vanjske web stranice kojima ne upravljamo mi. Imajte na umu da nemamo kontrolu nad sadr\u017eajem i postupcima ovih stranica i ne mo\u017eemo prihvatiti odgovornost za njih\u00a0<\/span>politike privatnosti<span style=\"color: #444444;\">.<\/span><\/p>\n<p><span style=\"color: #444444;\">Slobodni ste odbiti na\u0161 zahtjev za va\u0161im osobnim podacima, uz razumijevanje da vam mo\u017eda ne\u0107emo mo\u0107i pru\u017eiti neke od \u017eeljenih usluga.<\/span><\/p>\n<p><span style=\"color: #444444;\">Va\u0161e daljnje kori\u0161tenje na\u0161e web stranice smatrat \u0107e se prihva\u0107anjem na\u0161e prakse u vezi s privatno\u0161\u0107u i osobnim podacima. Ako imate bilo kakvih pitanja o tome kako postupamo s korisni\u010dkim podacima i osobnim podacima, obratite nam se.<\/span><\/p>\n<ul>\n<li><span style=\"color: #444444;\">Usluga Google AdSense koju koristimo za ogla\u0161avanje koristi DoubleClick kola\u010di\u0107 za poslu\u017eivanje relevantnijih oglasa na webu i ograni\u010davanje broja prikaza odre\u0111enog oglasa.<\/span><\/li>\n<li><span style=\"color: #444444;\">Za vi\u0161e informacija o Google AdSenseu pogledajte slu\u017ebena \u010desto postavljana pitanja o privatnosti Google AdSensea.<\/span><\/li>\n<li><span style=\"color: #444444;\">Koristimo se oglasima kako bismo nadoknadili tro\u0161kove rada ove stranice i osigurali sredstva za budu\u0107i razvoj. Kola\u010di\u0107i za bihevioralno ogla\u0161avanje koje koristi ova stranica osmi\u0161ljeni su kako bi osigurali da vam pru\u017eimo najrelevantnije oglase gdje je to mogu\u0107e anonimnim pra\u0107enjem va\u0161ih interesa i predstavljanjem sli\u010dnih stvari koje bi vas mogle zanimati.<\/span><\/li>\n<li><span style=\"color: #444444;\">Nekoliko partnera reklamira u na\u0161e ime, a kola\u010di\u0107i za pra\u0107enje pridru\u017eenih partnera jednostavno nam omogu\u0107uju da vidimo jesu li na\u0161i klijenti pristupili web-mjestu putem web-mjesta na\u0161ih partnera kako bismo ih mogli na odgovaraju\u0107i na\u010din kreditirati i, gdje je primjenjivo, dopustiti na\u0161im pridru\u017eenim partnerima da ponude bilo koju promociju koja mo\u017ee vam omogu\u0107iti kupnju.<\/span><\/li>\n<\/ul>\n<h3><span style=\"color: #444444;\">Obveza korisnika<\/span><\/h3>\n<p><span style=\"color: #444444;\">Korisnik se obvezuje da \u0107e na odgovaraju\u0107i na\u010din koristiti sadr\u017eaj i informacije koje https:\/\/clomid.live\/ nudi na web stranici i koji su izri\u010ditog, ali ne ograni\u010davaju\u0107eg karaktera:<\/span><\/p>\n<ul>\n<li><span style=\"color: #444444;\">A) Ne sudjelovati u aktivnostima koje su nezakonite ili protivne dobroj vjeri i javnom redu;<\/span><\/li>\n<li><span style=\"color: #444444;\">B) Nemojte \u0161iriti propagandu ili sadr\u017eaj rasisti\u010dke, ksenofobi\u010dne, <\/span><span style=\"color: #212529;\"><a style=\"color: inherit !important; text-decoration: none !important; font-size: inherit !important;\" href=\"https:\/\/apostasonline.guru\/bet365-apostas\/\"> pix bet365<\/a><\/span><span style=\"color: #444444;\"> ili lo\u0161a sre\u0107a, bilo koja vrsta ilegalne pornografije, koja podr\u017eava terorizam ili protiv ljudskih prava;<\/span><\/li>\n<li><span style=\"color: #444444;\">C) Nemojte uzrokovati \u0161tetu fizi\u010dkim (hardverskim) i logi\u010dkim (softverskim) sustavima https:\/\/clomid.live\/, njegovih dobavlja\u010da ili tre\u0107ih strana, za uvo\u0111enje ili \u0161irenje ra\u010dunalnih virusa ili bilo kojeg drugog hardverskog ili softverskog sustava koji je sposoban uzrokovati gore navedenu \u0161tetu.<\/span><\/li>\n<\/ul>\n<h3><span style=\"color: #444444;\">Vi\u0161e informacija<\/span><\/h3>\n<p><span style=\"color: #444444;\">Nadamo se da je to jasno, a kao \u0161to je ranije spomenuto, ako postoji ne\u0161to za \u0161to niste sigurni trebate li ili ne, obi\u010dno je sigurnije ostaviti kola\u010di\u0107e omogu\u0107ene u slu\u010daju da je u interakciji s nekom od zna\u010dajki koje koristite na na\u0161oj stranici.<\/span><\/p>\n<p><span style=\"color: #444444;\">Ova politika je na snazi od 23:05, 2. sije\u010dnja 2020<\/span><\/p>","protected":false},"excerpt":{"rendered":"<p>Pol\u00edtica Privacidade A sua privacidade \u00e9 importante para n\u00f3s. \u00c9 pol\u00edtica do https:\/\/clomid.live\/ respeitar a sua privacidade em rela\u00e7\u00e3o a qualquer informa\u00e7\u00e3o sua que possamos coletar no site https:\/\/clomid.live\/, e &hellip; <\/p>","protected":false},"author":10,"featured_media":0,"parent":0,"menu_order":0,"comment_status":"closed","ping_status":"open","template":"","meta":{"footnotes":""},"class_list":["post-3","page","type-page","status-publish","hentry","latest_post"],"yoast_head":"<!-- This site is optimized with the Yoast SEO plugin v26.3 - https:\/\/yoast.com\/wordpress\/plugins\/seo\/ -->\n<title>Pol\u00edtica de privacidade - Clomid<\/title>\n<meta name=\"robots\" content=\"index, follow, max-snippet:-1, max-image-preview:large, max-video-preview:-1\" \/>\n<link rel=\"canonical\" href=\"https:\/\/clomid.live\/hr\/politica-de-privacidade\/\" \/>\n<meta property=\"og:locale\" content=\"hr_HR\" \/>\n<meta property=\"og:type\" content=\"article\" \/>\n<meta property=\"og:title\" content=\"Pol\u00edtica de privacidade - Clomid\" \/>\n<meta property=\"og:description\" content=\"Pol\u00edtica Privacidade A sua privacidade \u00e9 importante para n\u00f3s. \u00c9 pol\u00edtica do https:\/\/clomid.live\/ respeitar a sua privacidade em rela\u00e7\u00e3o a qualquer informa\u00e7\u00e3o sua que possamos coletar no site https:\/\/clomid.live\/, e &hellip;\" \/>\n<meta property=\"og:url\" content=\"https:\/\/clomid.live\/hr\/politica-de-privacidade\/\" \/>\n<meta property=\"og:site_name\" content=\"Clomid\" \/>\n<meta property=\"article:modified_time\" content=\"2023-01-02T23:06:33+00:00\" \/>\n<meta name=\"twitter:card\" content=\"summary_large_image\" \/>\n<meta name=\"twitter:label1\" content=\"Procijenjeno vrijeme \u010ditanja\" \/>\n\t<meta name=\"twitter:data1\" content=\"4 minute\" \/>\n<script type=\"application\/ld+json\" class=\"yoast-schema-graph\">{\"@context\":\"https:\/\/schema.org\",\"@graph\":[{\"@type\":\"WebPage\",\"@id\":\"https:\/\/clomid.live\/politica-de-privacidade\/\",\"url\":\"https:\/\/clomid.live\/politica-de-privacidade\/\",\"name\":\"Pol\u00edtica de privacidade - Clomid\",\"isPartOf\":{\"@id\":\"https:\/\/clomid.live\/#website\"},\"datePublished\":\"2023-01-02T21:51:33+00:00\",\"dateModified\":\"2023-01-02T23:06:33+00:00\",\"breadcrumb\":{\"@id\":\"https:\/\/clomid.live\/politica-de-privacidade\/#breadcrumb\"},\"inLanguage\":\"hr\",\"potentialAction\":[{\"@type\":\"ReadAction\",\"target\":[\"https:\/\/clomid.live\/politica-de-privacidade\/\"]}]},{\"@type\":\"BreadcrumbList\",\"@id\":\"https:\/\/clomid.live\/politica-de-privacidade\/#breadcrumb\",\"itemListElement\":[{\"@type\":\"ListItem\",\"position\":1,\"name\":\"Home\",\"item\":\"https:\/\/clomid.live\/\"},{\"@type\":\"ListItem\",\"position\":2,\"name\":\"Pol\u00edtica de privacidade\"}]},{\"@type\":\"WebSite\",\"@id\":\"https:\/\/clomid.live\/#website\",\"url\":\"https:\/\/clomid.live\/\",\"name\":\"Clomid\",\"description\":\"\",\"potentialAction\":[{\"@type\":\"SearchAction\",\"target\":{\"@type\":\"EntryPoint\",\"urlTemplate\":\"https:\/\/clomid.live\/?s={search_term_string}\"},\"query-input\":{\"@type\":\"PropertyValueSpecification\",\"valueRequired\":true,\"valueName\":\"search_term_string\"}}],\"inLanguage\":\"hr\"}]}<\/script>\n<!-- \/ Yoast SEO plugin. -->","yoast_head_json":{"title":"Pol\u00edtica de privacidade - Clomid","robots":{"index":"index","follow":"follow","max-snippet":"max-snippet:-1","max-image-preview":"max-image-preview:large","max-video-preview":"max-video-preview:-1"},"canonical":"https:\/\/clomid.live\/hr\/politica-de-privacidade\/","og_locale":"hr_HR","og_type":"article","og_title":"Pol\u00edtica de privacidade - Clomid","og_description":"Pol\u00edtica Privacidade A sua privacidade \u00e9 importante para n\u00f3s. \u00c9 pol\u00edtica do https:\/\/clomid.live\/ respeitar a sua privacidade em rela\u00e7\u00e3o a qualquer informa\u00e7\u00e3o sua que possamos coletar no site https:\/\/clomid.live\/, e &hellip;","og_url":"https:\/\/clomid.live\/hr\/politica-de-privacidade\/","og_site_name":"Clomid","article_modified_time":"2023-01-02T23:06:33+00:00","twitter_card":"summary_large_image","twitter_misc":{"Procijenjeno vrijeme \u010ditanja":"4 minute"},"schema":{"@context":"https:\/\/schema.org","@graph":[{"@type":"WebPage","@id":"https:\/\/clomid.live\/politica-de-privacidade\/","url":"https:\/\/clomid.live\/politica-de-privacidade\/","name":"Pol\u00edtica de privacidade - Clomid","isPartOf":{"@id":"https:\/\/clomid.live\/#website"},"datePublished":"2023-01-02T21:51:33+00:00","dateModified":"2023-01-02T23:06:33+00:00","breadcrumb":{"@id":"https:\/\/clomid.live\/politica-de-privacidade\/#breadcrumb"},"inLanguage":"hr","potentialAction":[{"@type":"ReadAction","target":["https:\/\/clomid.live\/politica-de-privacidade\/"]}]},{"@type":"BreadcrumbList","@id":"https:\/\/clomid.live\/politica-de-privacidade\/#breadcrumb","itemListElement":[{"@type":"ListItem","position":1,"name":"Home","item":"https:\/\/clomid.live\/"},{"@type":"ListItem","position":2,"name":"Pol\u00edtica de privacidade"}]},{"@type":"WebSite","@id":"https:\/\/clomid.live\/#website","url":"https:\/\/clomid.live\/","name":"Clomid","description":"","potentialAction":[{"@type":"SearchAction","target":{"@type":"EntryPoint","urlTemplate":"https:\/\/clomid.live\/?s={search_term_string}"},"query-input":{"@type":"PropertyValueSpecification","valueRequired":true,"valueName":"search_term_string"}}],"inLanguage":"hr"}]}},"_links":{"self":[{"href":"https:\/\/clomid.live\/hr\/wp-json\/wp\/v2\/pages\/3","targetHints":{"allow":["GET"]}}],"collection":[{"href":"https:\/\/clomid.live\/hr\/wp-json\/wp\/v2\/pages"}],"about":[{"href":"https:\/\/clomid.live\/hr\/wp-json\/wp\/v2\/types\/page"}],"author":[{"embeddable":true,"href":"https:\/\/clomid.live\/hr\/wp-json\/wp\/v2\/users\/10"}],"replies":[{"embeddable":true,"href":"https:\/\/clomid.live\/hr\/wp-json\/wp\/v2\/comments?post=3"}],"version-history":[{"count":1,"href":"https:\/\/clomid.live\/hr\/wp-json\/wp\/v2\/pages\/3\/revisions"}],"predecessor-version":[{"id":75,"href":"https:\/\/clomid.live\/hr\/wp-json\/wp\/v2\/pages\/3\/revisions\/75"}],"wp:attachment":[{"href":"https:\/\/clomid.live\/hr\/wp-json\/wp\/v2\/media?parent=3"}],"curies":[{"name":"radni list","href":"https:\/\/api.w.org\/{rel}","templated":true}]}}