{"id":3,"date":"2023-01-02T18:51:33","date_gmt":"2023-01-02T21:51:33","guid":{"rendered":"https:\/\/clomid.live\/?page_id=3"},"modified":"2023-01-02T20:06:33","modified_gmt":"2023-01-02T23:06:33","slug":"politica-de-privacidade","status":"publish","type":"page","link":"https:\/\/clomid.live\/it\/politica-de-privacidade\/","title":{"rendered":"politica sulla riservatezza"},"content":{"rendered":"<h2><span style=\"color: #444444;\">politica sulla riservatezza<\/span><\/h2>\n<p><span style=\"color: #444444;\">La tua privacy \u00e8 importante per noi. La politica di https:\/\/clomid.live\/ \u00e8 quella di rispettare la tua privacy in merito a qualsiasi informazione che potremmo raccogliere da te tramite il nostro sito web. <a href=\"https:\/\/clomid.live\/it\/\">https:\/\/clomid.live\/<\/a>e altri siti web di nostra propriet\u00e0 e da noi gestiti.<\/span><\/p>\n<p><span style=\"color: #444444;\">Richiediamo informazioni personali solo quando ne abbiamo realmente bisogno per fornirti un servizio. Lo facciamo con mezzi equi e leciti, con la tua conoscenza e il tuo consenso. Vi spieghiamo anche perch\u00e9 raccogliamo queste informazioni e come verranno utilizzate.<\/span><\/p>\n<p><span style=\"color: #444444;\">Conserviamo le informazioni raccolte solo per il tempo necessario a fornirti il \u200b\u200bservizio richiesto. I dati che memorizziamo saranno protetti con mezzi commercialmente accettabili per prevenirne la perdita e il furto, nonch\u00e9 l&#039;accesso, la divulgazione, la copia, l&#039;uso o la modifica non autorizzati.<\/span><\/p>\n<p><span style=\"color: #444444;\">Non condividiamo alcuna informazione personale identificabile pubblicamente o con terze parti, salvo quando richiesto dalla legge.<\/span><\/p>\n<p><span style=\"color: #444444;\">Il nostro sito web potrebbe contenere link a siti web esterni non gestiti da noi. Si prega di notare che non abbiamo alcun controllo sul contenuto e sulle pratiche di questi siti e non possiamo accettare la responsabilit\u00e0 per i rispettivi\u00a0<\/span>politiche sulla privacy<span style=\"color: #444444;\">.<\/span><\/p>\n<p><span style=\"color: #444444;\">Puoi liberamente rifiutare la nostra richiesta di informazioni personali, con la consapevolezza che potremmo non essere in grado di fornirti alcuni dei servizi desiderati.<\/span><\/p>\n<p><span style=\"color: #444444;\">L&#039;uso continuato del nostro sito web sar\u00e0 considerato come accettazione delle nostre pratiche in materia di privacy e dati personali. Se hai domande sul modo in cui gestiamo i dati degli utenti e le informazioni personali, ti preghiamo di contattarci.<\/span><\/p>\n<ul>\n<li><span style=\"color: #444444;\">Il servizio Google AdSense che utilizziamo per pubblicare annunci pubblicitari utilizza un cookie DoubleClick per pubblicare annunci pi\u00f9 pertinenti sul Web e limitare il numero di volte in cui un determinato annuncio ti viene mostrato.<\/span><\/li>\n<li><span style=\"color: #444444;\">Per ulteriori informazioni su Google AdSense, consulta le FAQ ufficiali sulla privacy di Google AdSense.<\/span><\/li>\n<li><span style=\"color: #444444;\">Utilizziamo la pubblicit\u00e0 per compensare i costi di gestione di questo sito web e per fornire finanziamenti per lo sviluppo futuro. I cookie pubblicitari comportamentali utilizzati da questo sito sono progettati per garantire che ti forniamo gli annunci pubblicitari pi\u00f9 pertinenti, ove possibile, monitorando in forma anonima i tuoi interessi e presentando cose simili che potrebbero interessarti.<\/span><\/li>\n<li><span style=\"color: #444444;\">Diversi partner pubblicizzano per nostro conto e i cookie di tracciamento degli affiliati ci consentono semplicemente di verificare se i nostri clienti sono arrivati sul nostro sito tramite uno dei nostri siti partner, in modo da poterli riconoscere in modo appropriato e, ove applicabile, consentire ai nostri partner affiliati di fornire eventuali bonus per aver effettuato un acquisto.<\/span><\/li>\n<\/ul>\n<h3><span style=\"color: #444444;\">Impegno dell&#039;utente<\/span><\/h3>\n<p><span style=\"color: #444444;\">L&#039;utente si impegna a fare un uso appropriato dei contenuti e delle informazioni che https:\/\/clomid.live\/ offre sul sito web e, a titolo esemplificativo ma non esaustivo:<\/span><\/p>\n<ul>\n<li><span style=\"color: #444444;\">A) Non svolgere attivit\u00e0 illegali o contrarie alla buona fede e all&#039;ordine pubblico;<\/span><\/li>\n<li><span style=\"color: #444444;\">B) Non diffondere propaganda o contenuti di natura razzista, xenofoba, <\/span><span style=\"color: #212529;\"><a style=\"color: inherit !important; text-decoration: none !important; font-size: inherit !important;\" href=\"https:\/\/apostasonline.guru\/bet365-apostas\/\"> foto bet365<\/a><\/span><span style=\"color: #444444;\"> o sfortuna, qualsiasi tipo di pornografia illegale, a sostegno del terrorismo o contro i diritti umani;<\/span><\/li>\n<li><span style=\"color: #444444;\">C) Non danneggiare i sistemi fisici (hardware) e logici (software) di https:\/\/clomid.live\/, dei suoi fornitori o di terze parti, introdurre o diffondere virus informatici o qualsiasi altro sistema hardware o software in grado di causare i suddetti danni.<\/span><\/li>\n<\/ul>\n<h3><span style=\"color: #444444;\">Ulteriori informazioni<\/span><\/h3>\n<p><span style=\"color: #444444;\">Speriamo che questo abbia chiarito le cose e, come detto in precedenza, se c&#039;\u00e8 qualcosa di cui non sei sicuro di aver bisogno o meno, di solito \u00e8 pi\u00f9 sicuro lasciare i cookie abilitati nel caso in cui interagiscano con una delle funzionalit\u00e0 che utilizzi sul nostro sito.<\/span><\/p>\n<p><span style=\"color: #444444;\">Questa politica \u00e8 in vigore a partire dal 2 gennaio 2020 23:05<\/span><\/p>","protected":false},"excerpt":{"rendered":"<p>Pol\u00edtica Privacidade A sua privacidade \u00e9 importante para n\u00f3s. \u00c9 pol\u00edtica do https:\/\/clomid.live\/ respeitar a sua privacidade em rela\u00e7\u00e3o a qualquer informa\u00e7\u00e3o sua que possamos coletar no site https:\/\/clomid.live\/, e &hellip; <\/p>","protected":false},"author":10,"featured_media":0,"parent":0,"menu_order":0,"comment_status":"closed","ping_status":"open","template":"","meta":{"footnotes":""},"class_list":["post-3","page","type-page","status-publish","hentry","latest_post"],"yoast_head":"<!-- This site is optimized with the Yoast SEO plugin v26.3 - https:\/\/yoast.com\/wordpress\/plugins\/seo\/ -->\n<title>Pol\u00edtica de privacidade - Clomid<\/title>\n<meta name=\"robots\" content=\"index, follow, max-snippet:-1, max-image-preview:large, max-video-preview:-1\" \/>\n<link rel=\"canonical\" href=\"https:\/\/clomid.live\/it\/politica-de-privacidade\/\" \/>\n<meta property=\"og:locale\" content=\"it_IT\" \/>\n<meta property=\"og:type\" content=\"article\" \/>\n<meta property=\"og:title\" content=\"Pol\u00edtica de privacidade - Clomid\" \/>\n<meta property=\"og:description\" content=\"Pol\u00edtica Privacidade A sua privacidade \u00e9 importante para n\u00f3s. \u00c9 pol\u00edtica do https:\/\/clomid.live\/ respeitar a sua privacidade em rela\u00e7\u00e3o a qualquer informa\u00e7\u00e3o sua que possamos coletar no site https:\/\/clomid.live\/, e &hellip;\" \/>\n<meta property=\"og:url\" content=\"https:\/\/clomid.live\/it\/politica-de-privacidade\/\" \/>\n<meta property=\"og:site_name\" content=\"Clomid\" \/>\n<meta property=\"article:modified_time\" content=\"2023-01-02T23:06:33+00:00\" \/>\n<meta name=\"twitter:card\" content=\"summary_large_image\" \/>\n<meta name=\"twitter:label1\" content=\"Tempo di lettura stimato\" \/>\n\t<meta name=\"twitter:data1\" content=\"4 minuti\" \/>\n<script type=\"application\/ld+json\" class=\"yoast-schema-graph\">{\"@context\":\"https:\/\/schema.org\",\"@graph\":[{\"@type\":\"WebPage\",\"@id\":\"https:\/\/clomid.live\/politica-de-privacidade\/\",\"url\":\"https:\/\/clomid.live\/politica-de-privacidade\/\",\"name\":\"Pol\u00edtica de privacidade - Clomid\",\"isPartOf\":{\"@id\":\"https:\/\/clomid.live\/#website\"},\"datePublished\":\"2023-01-02T21:51:33+00:00\",\"dateModified\":\"2023-01-02T23:06:33+00:00\",\"breadcrumb\":{\"@id\":\"https:\/\/clomid.live\/politica-de-privacidade\/#breadcrumb\"},\"inLanguage\":\"it-IT\",\"potentialAction\":[{\"@type\":\"ReadAction\",\"target\":[\"https:\/\/clomid.live\/politica-de-privacidade\/\"]}]},{\"@type\":\"BreadcrumbList\",\"@id\":\"https:\/\/clomid.live\/politica-de-privacidade\/#breadcrumb\",\"itemListElement\":[{\"@type\":\"ListItem\",\"position\":1,\"name\":\"Home\",\"item\":\"https:\/\/clomid.live\/\"},{\"@type\":\"ListItem\",\"position\":2,\"name\":\"Pol\u00edtica de privacidade\"}]},{\"@type\":\"WebSite\",\"@id\":\"https:\/\/clomid.live\/#website\",\"url\":\"https:\/\/clomid.live\/\",\"name\":\"Clomid\",\"description\":\"\",\"potentialAction\":[{\"@type\":\"SearchAction\",\"target\":{\"@type\":\"EntryPoint\",\"urlTemplate\":\"https:\/\/clomid.live\/?s={search_term_string}\"},\"query-input\":{\"@type\":\"PropertyValueSpecification\",\"valueRequired\":true,\"valueName\":\"search_term_string\"}}],\"inLanguage\":\"it-IT\"}]}<\/script>\n<!-- \/ Yoast SEO plugin. -->","yoast_head_json":{"title":"Pol\u00edtica de privacidade - Clomid","robots":{"index":"index","follow":"follow","max-snippet":"max-snippet:-1","max-image-preview":"max-image-preview:large","max-video-preview":"max-video-preview:-1"},"canonical":"https:\/\/clomid.live\/it\/politica-de-privacidade\/","og_locale":"it_IT","og_type":"article","og_title":"Pol\u00edtica de privacidade - Clomid","og_description":"Pol\u00edtica Privacidade A sua privacidade \u00e9 importante para n\u00f3s. \u00c9 pol\u00edtica do https:\/\/clomid.live\/ respeitar a sua privacidade em rela\u00e7\u00e3o a qualquer informa\u00e7\u00e3o sua que possamos coletar no site https:\/\/clomid.live\/, e &hellip;","og_url":"https:\/\/clomid.live\/it\/politica-de-privacidade\/","og_site_name":"Clomid","article_modified_time":"2023-01-02T23:06:33+00:00","twitter_card":"summary_large_image","twitter_misc":{"Tempo di lettura stimato":"4 minuti"},"schema":{"@context":"https:\/\/schema.org","@graph":[{"@type":"WebPage","@id":"https:\/\/clomid.live\/politica-de-privacidade\/","url":"https:\/\/clomid.live\/politica-de-privacidade\/","name":"Pol\u00edtica de privacidade - Clomid","isPartOf":{"@id":"https:\/\/clomid.live\/#website"},"datePublished":"2023-01-02T21:51:33+00:00","dateModified":"2023-01-02T23:06:33+00:00","breadcrumb":{"@id":"https:\/\/clomid.live\/politica-de-privacidade\/#breadcrumb"},"inLanguage":"it-IT","potentialAction":[{"@type":"ReadAction","target":["https:\/\/clomid.live\/politica-de-privacidade\/"]}]},{"@type":"BreadcrumbList","@id":"https:\/\/clomid.live\/politica-de-privacidade\/#breadcrumb","itemListElement":[{"@type":"ListItem","position":1,"name":"Home","item":"https:\/\/clomid.live\/"},{"@type":"ListItem","position":2,"name":"Pol\u00edtica de privacidade"}]},{"@type":"WebSite","@id":"https:\/\/clomid.live\/#website","url":"https:\/\/clomid.live\/","name":"Clomid","description":"","potentialAction":[{"@type":"SearchAction","target":{"@type":"EntryPoint","urlTemplate":"https:\/\/clomid.live\/?s={search_term_string}"},"query-input":{"@type":"PropertyValueSpecification","valueRequired":true,"valueName":"search_term_string"}}],"inLanguage":"it-IT"}]}},"_links":{"self":[{"href":"https:\/\/clomid.live\/it\/wp-json\/wp\/v2\/pages\/3","targetHints":{"allow":["GET"]}}],"collection":[{"href":"https:\/\/clomid.live\/it\/wp-json\/wp\/v2\/pages"}],"about":[{"href":"https:\/\/clomid.live\/it\/wp-json\/wp\/v2\/types\/page"}],"author":[{"embeddable":true,"href":"https:\/\/clomid.live\/it\/wp-json\/wp\/v2\/users\/10"}],"replies":[{"embeddable":true,"href":"https:\/\/clomid.live\/it\/wp-json\/wp\/v2\/comments?post=3"}],"version-history":[{"count":1,"href":"https:\/\/clomid.live\/it\/wp-json\/wp\/v2\/pages\/3\/revisions"}],"predecessor-version":[{"id":75,"href":"https:\/\/clomid.live\/it\/wp-json\/wp\/v2\/pages\/3\/revisions\/75"}],"wp:attachment":[{"href":"https:\/\/clomid.live\/it\/wp-json\/wp\/v2\/media?parent=3"}],"curies":[{"name":"wp","href":"https:\/\/api.w.org\/{rel}","templated":true}]}}