{"id":2,"date":"2023-01-02T18:51:33","date_gmt":"2023-01-02T21:51:33","guid":{"rendered":"https:\/\/clomid.live\/?page_id=2"},"modified":"2023-01-02T20:07:27","modified_gmt":"2023-01-02T23:07:27","slug":"termos-de-uso","status":"publish","type":"page","link":"https:\/\/clomid.live\/ro\/termos-de-uso\/","title":{"rendered":"Termeni de utilizare"},"content":{"rendered":"<h2><span style=\"color: #444444;\">1. Condi\u021bii<\/span><\/h2>\n<p><span style=\"color: #444444;\">La accesarea site-ului <a href=\"https:\/\/clomid.live\/ro\/\">https:\/\/clomid.live\/<\/a>, sunte\u021bi de acord s\u0103 respecta\u021bi ace\u0219ti termeni \u0219i condi\u021bii, toate legile \u0219i reglement\u0103rile aplicabile \u0219i sunte\u021bi de acord c\u0103 sunte\u021bi responsabil pentru respectarea oric\u0103ror legi locale aplicabile. Dac\u0103 nu sunte\u021bi de acord cu niciunul dintre ace\u0219ti termeni, vi se interzice utilizarea sau accesarea acestui site. Materialele con\u021binute \u00een acest site sunt protejate de legile aplicabile privind drepturile de autor \u0219i m\u0103rcile comerciale.<\/span><\/p>\n<h2><span style=\"color: #444444;\">2. Utilizarea licen\u021bei<\/span><\/h2>\n<p><span style=\"color: #444444;\">Se acord\u0103 permisiunea de a desc\u0103rca temporar o copie a materialelor (informa\u021bii sau software) de pe https:\/\/clomid.live\/ numai pentru vizionare personal\u0103, necomercial\u0103, tranzitorie. Aceasta este acordarea unei licen\u021be, nu un transfer de titlu, iar \u00een baza acestei licen\u021be nu pute\u021bi:\u00a0<\/span><\/p>\n<ol>\n<li><span style=\"color: #444444;\">modifica sau copia materialele;\u00a0<\/span><\/li>\n<li><span style=\"color: #444444;\">utiliza\u021bi materialele \u00een orice scop comercial sau pentru afi\u0219are public\u0103 (comerciale sau necomerciale);\u00a0<\/span><\/li>\n<li><span style=\"color: #444444;\">\u00eencerca\u021bi s\u0103 decompila\u021bi sau s\u0103 face\u021bi inginerie invers\u0103 a oric\u0103rui software con\u021binut pe https:\/\/clomid.live\/;\u00a0<\/span><\/li>\n<li><span style=\"color: #444444;\">elimina orice drepturi de autor sau alte nota\u021bii de proprietate din materiale; sau\u00a0<\/span><\/li>\n<li><span style=\"color: #444444;\">transfera\u021bi materialele unei alte persoane sau \u201eoglindi\u021bi\u201d materialele pe orice alt server.<\/span><\/li>\n<\/ol>\n<p><span style=\"color: #444444;\">Aceast\u0103 licen\u021b\u0103 se va rezilia automat dac\u0103 \u00eenc\u0103lca\u021bi oricare dintre aceste restric\u021bii \u0219i poate fi reziliat\u0103 de https:\/\/clomid.live\/ \u00een orice moment. La \u00eencetarea vizualiz\u0103rii acestor materiale sau la \u00eencetarea acestei licen\u021be, trebuie s\u0103 \u0219terge\u021bi orice materiale desc\u0103rcate \u00een posesia dumneavoastr\u0103, fie \u00een format electronic sau tip\u0103rit.<\/span><\/p>\n<h2><span style=\"color: #444444;\">3. Disclaimer<\/span><\/h2>\n<ol>\n<li><span style=\"color: #444444;\">Materialele de pe site-ul https:\/\/clomid.live\/ sunt furnizate \u201eca atare\u201d. https:\/\/clomid.live\/ nu ofer\u0103 garan\u021bii, exprese sau implicite \u0219i, prin prezenta, declin\u0103 \u0219i neag\u0103 toate celelalte garan\u021bii, inclusiv, f\u0103r\u0103 limitare, garan\u021bii sau condi\u021bii implicite de vandabilitate, adecvare pentru un anumit scop sau ne\u00eenc\u0103lcare a propriet\u0103\u021bii intelectuale sau alte \u00eenc\u0103lc\u0103ri ale drepturilor.<\/span><\/li>\n<li><span style=\"color: #444444;\">\u00cen plus, https:\/\/clomid.live\/ nu garanteaz\u0103 \u0219i nu face nicio declara\u021bie cu privire la acurate\u021bea, rezultatele probabile sau fiabilitatea utiliz\u0103rii materialelor de pe site-ul s\u0103u web sau \u00een leg\u0103tur\u0103 cu astfel de materiale sau pe orice site-uri legate de acest site.<\/span><\/li>\n<\/ol>\n<h2><span style=\"color: #444444;\">4. Limit\u0103ri<\/span><\/h2>\n<p><span style=\"color: #444444;\">\u00cen niciun caz https:\/\/clomid.live\/ sau furnizorii s\u0103i nu vor fi r\u0103spunz\u0103tori pentru orice daune (inclusiv, f\u0103r\u0103 limitare, daune pentru pierderea de date sau profit, sau din cauza \u00eentreruperii activit\u0103\u021bii) care decurg din utilizarea sau incapacitatea de a utiliza materialele de la https:\/\/clomid.live\/, chiar dac\u0103 https:\/\/clomid.live\/ sau un reprezentant autorizat https:\/\/clomid.live\/ a fost notificat verbal sau \u00een scris despre posibilitatea unei astfel de daune. Deoarece unele jurisdic\u021bii nu permit limit\u0103ri ale garan\u021biilor implicite sau limit\u0103ri ale r\u0103spunderii pentru daune consecutive sau accidentale, este posibil ca aceste limit\u0103ri s\u0103 nu se aplice \u00een cazul dumneavoastr\u0103.<\/span><\/p>\n<h2><span style=\"color: #444444;\">5. Precizia materialelor<\/span><\/h2>\n<p><span style=\"color: #444444;\">Materialele care apar pe site-ul https:\/\/clomid.live\/ pot include erori tehnice, tipografice sau fotografice. https:\/\/clomid.live\/ nu garanteaz\u0103 c\u0103 materialele de pe site-ul s\u0103u sunt exacte, complete sau actuale. https:\/\/clomid.live\/ poate face modific\u0103ri materialelor con\u021binute pe site-ul s\u0103u \u00een orice moment, f\u0103r\u0103 notificare. Cu toate acestea, https:\/\/clomid.live\/ nu \u00ee\u0219i asum\u0103 niciun angajament de a actualiza materialele.<\/span><\/p>\n<h2><span style=\"color: #444444;\">6. Leg\u0103turi<\/span><\/h2>\n<p><span style=\"color: #444444;\">https:\/\/clomid.live\/ nu a revizuit toate site-urile legate de site-ul s\u0103u \u0219i nu este responsabil pentru con\u021binutul niciunui site legat. Includerea oric\u0103rui link nu implic\u0103 aprobarea de c\u0103tre https:\/\/clomid.live\/ a site-ului. Utilizarea oric\u0103rui site conectat este pe riscul propriu al utilizatorului.<\/span><\/p>\n<p>&nbsp;<\/p>\n<h3><span style=\"color: #444444;\">Modific\u0103ri<\/span><\/h3>\n<p><span style=\"color: #444444;\">https:\/\/clomid.live\/ poate revizui ace\u0219ti termeni \u0219i condi\u021bii pentru site-ul s\u0103u web \u00een orice moment, f\u0103r\u0103 notificare. Prin utilizarea acestui site web, sunte\u021bi de acord s\u0103 respecta\u021bi versiunea actual\u0103 a acestor termeni \u0219i condi\u021bii.<\/span><\/p>\n<h3><span style=\"color: #444444;\">Lege aplicabil\u0103<\/span><\/h3>\n<p><span style=\"color: #444444;\">Ace\u0219ti termeni \u0219i condi\u021bii sunt guverna\u021bi \u0219i interpreta\u021bi \u00een conformitate cu legile https:\/\/clomid.live\/ \u0219i v\u0103 supune\u021bi irevocabil jurisdic\u021biei exclusive a instan\u021belor din acel stat sau loca\u021bie.<\/span><\/p>","protected":false},"excerpt":{"rendered":"<p>1. Condi\u021bii Prin accesarea site-ului web https:\/\/clomid.live\/, sunte\u021bi de acord s\u0103 respecta\u021bi ace\u0219ti termeni \u0219i condi\u021bii, toate legile \u0219i reglement\u0103rile aplicabile \u0219i sunte\u021bi de acord c\u0103 sunte\u021bi responsabil pentru respectarea tuturor... <\/p>","protected":false},"author":10,"featured_media":0,"parent":0,"menu_order":0,"comment_status":"closed","ping_status":"open","template":"","meta":{"footnotes":""},"class_list":["post-2","page","type-page","status-publish","hentry","latest_post"],"yoast_head":"<!-- This site is optimized with the Yoast SEO plugin v26.3 - https:\/\/yoast.com\/wordpress\/plugins\/seo\/ -->\n<title>Termos de uso - Clomid<\/title>\n<meta name=\"robots\" content=\"index, follow, max-snippet:-1, max-image-preview:large, max-video-preview:-1\" \/>\n<link rel=\"canonical\" href=\"https:\/\/clomid.live\/ro\/termos-de-uso\/\" \/>\n<meta property=\"og:locale\" content=\"ro_RO\" \/>\n<meta property=\"og:type\" content=\"article\" \/>\n<meta property=\"og:title\" content=\"Termos de uso - Clomid\" \/>\n<meta property=\"og:description\" content=\"1. Termos Ao acessar ao site https:\/\/clomid.live\/, concorda em cumprir estes termos de servi\u00e7o, todas as leis e regulamentos aplic\u00e1veis \u200b\u200be concorda que \u00e9 respons\u00e1vel pelo cumprimento de todas as &hellip;\" \/>\n<meta property=\"og:url\" content=\"https:\/\/clomid.live\/ro\/termos-de-uso\/\" \/>\n<meta property=\"og:site_name\" content=\"Clomid\" \/>\n<meta property=\"article:modified_time\" content=\"2023-01-02T23:07:27+00:00\" \/>\n<meta name=\"twitter:card\" content=\"summary_large_image\" \/>\n<meta name=\"twitter:label1\" content=\"Timp estimat pentru citire\" \/>\n\t<meta name=\"twitter:data1\" content=\"4 minute\" \/>\n<script type=\"application\/ld+json\" class=\"yoast-schema-graph\">{\"@context\":\"https:\/\/schema.org\",\"@graph\":[{\"@type\":\"WebPage\",\"@id\":\"https:\/\/clomid.live\/en\/termos-de-uso\/\",\"url\":\"https:\/\/clomid.live\/en\/termos-de-uso\/\",\"name\":\"Termos de uso - Clomid\",\"isPartOf\":{\"@id\":\"https:\/\/clomid.live\/#website\"},\"datePublished\":\"2023-01-02T21:51:33+00:00\",\"dateModified\":\"2023-01-02T23:07:27+00:00\",\"breadcrumb\":{\"@id\":\"https:\/\/clomid.live\/en\/termos-de-uso\/#breadcrumb\"},\"inLanguage\":\"ro-RO\",\"potentialAction\":[{\"@type\":\"ReadAction\",\"target\":[\"https:\/\/clomid.live\/en\/termos-de-uso\/\"]}]},{\"@type\":\"BreadcrumbList\",\"@id\":\"https:\/\/clomid.live\/en\/termos-de-uso\/#breadcrumb\",\"itemListElement\":[{\"@type\":\"ListItem\",\"position\":1,\"name\":\"Home\",\"item\":\"https:\/\/clomid.live\/\"},{\"@type\":\"ListItem\",\"position\":2,\"name\":\"Termos de uso\"}]},{\"@type\":\"WebSite\",\"@id\":\"https:\/\/clomid.live\/#website\",\"url\":\"https:\/\/clomid.live\/\",\"name\":\"Clomid\",\"description\":\"\",\"potentialAction\":[{\"@type\":\"SearchAction\",\"target\":{\"@type\":\"EntryPoint\",\"urlTemplate\":\"https:\/\/clomid.live\/?s={search_term_string}\"},\"query-input\":{\"@type\":\"PropertyValueSpecification\",\"valueRequired\":true,\"valueName\":\"search_term_string\"}}],\"inLanguage\":\"ro-RO\"}]}<\/script>\n<!-- \/ Yoast SEO plugin. -->","yoast_head_json":{"title":"Termos de uso - Clomid","robots":{"index":"index","follow":"follow","max-snippet":"max-snippet:-1","max-image-preview":"max-image-preview:large","max-video-preview":"max-video-preview:-1"},"canonical":"https:\/\/clomid.live\/ro\/termos-de-uso\/","og_locale":"ro_RO","og_type":"article","og_title":"Termos de uso - Clomid","og_description":"1. Termos Ao acessar ao site https:\/\/clomid.live\/, concorda em cumprir estes termos de servi\u00e7o, todas as leis e regulamentos aplic\u00e1veis \u200b\u200be concorda que \u00e9 respons\u00e1vel pelo cumprimento de todas as &hellip;","og_url":"https:\/\/clomid.live\/ro\/termos-de-uso\/","og_site_name":"Clomid","article_modified_time":"2023-01-02T23:07:27+00:00","twitter_card":"summary_large_image","twitter_misc":{"Timp estimat pentru citire":"4 minute"},"schema":{"@context":"https:\/\/schema.org","@graph":[{"@type":"WebPage","@id":"https:\/\/clomid.live\/en\/termos-de-uso\/","url":"https:\/\/clomid.live\/en\/termos-de-uso\/","name":"Termos de uso - Clomid","isPartOf":{"@id":"https:\/\/clomid.live\/#website"},"datePublished":"2023-01-02T21:51:33+00:00","dateModified":"2023-01-02T23:07:27+00:00","breadcrumb":{"@id":"https:\/\/clomid.live\/en\/termos-de-uso\/#breadcrumb"},"inLanguage":"ro-RO","potentialAction":[{"@type":"ReadAction","target":["https:\/\/clomid.live\/en\/termos-de-uso\/"]}]},{"@type":"BreadcrumbList","@id":"https:\/\/clomid.live\/en\/termos-de-uso\/#breadcrumb","itemListElement":[{"@type":"ListItem","position":1,"name":"Home","item":"https:\/\/clomid.live\/"},{"@type":"ListItem","position":2,"name":"Termos de uso"}]},{"@type":"WebSite","@id":"https:\/\/clomid.live\/#website","url":"https:\/\/clomid.live\/","name":"Clomid","description":"","potentialAction":[{"@type":"SearchAction","target":{"@type":"EntryPoint","urlTemplate":"https:\/\/clomid.live\/?s={search_term_string}"},"query-input":{"@type":"PropertyValueSpecification","valueRequired":true,"valueName":"search_term_string"}}],"inLanguage":"ro-RO"}]}},"_links":{"self":[{"href":"https:\/\/clomid.live\/ro\/wp-json\/wp\/v2\/pages\/2","targetHints":{"allow":["GET"]}}],"collection":[{"href":"https:\/\/clomid.live\/ro\/wp-json\/wp\/v2\/pages"}],"about":[{"href":"https:\/\/clomid.live\/ro\/wp-json\/wp\/v2\/types\/page"}],"author":[{"embeddable":true,"href":"https:\/\/clomid.live\/ro\/wp-json\/wp\/v2\/users\/10"}],"replies":[{"embeddable":true,"href":"https:\/\/clomid.live\/ro\/wp-json\/wp\/v2\/comments?post=2"}],"version-history":[{"count":1,"href":"https:\/\/clomid.live\/ro\/wp-json\/wp\/v2\/pages\/2\/revisions"}],"predecessor-version":[{"id":76,"href":"https:\/\/clomid.live\/ro\/wp-json\/wp\/v2\/pages\/2\/revisions\/76"}],"wp:attachment":[{"href":"https:\/\/clomid.live\/ro\/wp-json\/wp\/v2\/media?parent=2"}],"curies":[{"name":"wp","href":"https:\/\/api.w.org\/{rel}","templated":true}]}}