{"id":5457,"date":"2024-12-05T15:33:09","date_gmt":"2024-12-05T18:33:09","guid":{"rendered":"https:\/\/clomid.live\/?page_id=5457"},"modified":"2025-04-23T12:04:59","modified_gmt":"2025-04-23T15:04:59","slug":"sobre-nos","status":"publish","type":"page","link":"https:\/\/clomid.live\/vi\/sobre-nos\/","title":{"rendered":"V\u1ec1 ch\u00fang t\u00f4i"},"content":{"rendered":"<p>T\u1ea1i Clomid, ch\u00fang t\u00f4i tin r\u1eb1ng s\u1ee9c kh\u1ecfe l\u00e0 ch\u00eca kh\u00f3a cho cu\u1ed9c s\u1ed1ng c\u00e2n b\u1eb1ng v\u00e0 h\u1ea1nh ph\u00fac. Blog c\u1ee7a ch\u00fang t\u00f4i chuy\u00ean cung c\u1ea5p c\u00e1c m\u1eb9o th\u1ef1c t\u1ebf, th\u00f4ng tin chi ti\u1ebft d\u1ef1a tr\u00ean nghi\u00ean c\u1ee9u v\u00e0 ngu\u1ed3n c\u1ea3m h\u1ee9ng gi\u00fap b\u1ea1n ch\u0103m s\u00f3c c\u01a1 th\u1ec3, tr\u00ed \u00f3c v\u00e0 tinh th\u1ea7n c\u1ee7a m\u00ecnh. V\u1edbi c\u00e1ch ti\u1ebfp c\u1eadn to\u00e0n di\u1ec7n, ch\u00fang t\u00f4i gi\u1ea3i quy\u1ebft c\u00e1c ch\u1ee7 \u0111\u1ec1 nh\u01b0 dinh d\u01b0\u1ee1ng, t\u1eadp th\u1ec3 d\u1ee5c v\u00e0 t\u1ef1 ch\u0103m s\u00f3c, lu\u00f4n h\u01b0\u1edbng t\u1edbi m\u1ee5c ti\u00eau th\u00fac \u0111\u1ea9y l\u1ed1i s\u1ed1ng l\u00e0nh m\u1ea1nh v\u00e0 b\u1ec1n v\u1eefng. H\u00e3y tham gia c\u00f9ng ch\u00fang t\u00f4i trong h\u00e0nh tr\u00ecnh kh\u00e1m ph\u00e1 b\u1ea3n th\u00e2n t\u1ed1t nh\u1ea5t c\u1ee7a b\u1ea1n! N\u1ebfu b\u1ea1n c\u1ea7n li\u00ean h\u1ec7 v\u1edbi ch\u00fang t\u00f4i, vui l\u00f2ng s\u1eed d\u1ee5ng email\u00a0<a href=\"https:\/\/clomid.live\/vi\/\">li\u00ean h\u1ec7@clomid.live<\/a><\/p>\n\n\n\n<p><\/p>","protected":false},"excerpt":{"rendered":"<p>No Clomid, acreditamos que o bem-estar \u00e9 a chave para uma vida equilibrada e feliz. Nosso blog \u00e9 dedicado a oferecer dicas pr\u00e1ticas, insights baseados em pesquisas e inspira\u00e7\u00e3o para &hellip; <\/p>","protected":false},"author":10,"featured_media":0,"parent":0,"menu_order":0,"comment_status":"closed","ping_status":"closed","template":"","meta":{"footnotes":""},"class_list":["post-5457","page","type-page","status-publish","hentry","latest_post"],"yoast_head":"<!-- This site is optimized with the Yoast SEO plugin v26.3 - https:\/\/yoast.com\/wordpress\/plugins\/seo\/ -->\n<title>Sobre N\u00f3s - Clomid<\/title>\n<meta name=\"robots\" content=\"index, follow, max-snippet:-1, max-image-preview:large, max-video-preview:-1\" \/>\n<link rel=\"canonical\" href=\"https:\/\/clomid.live\/vi\/sobre-nos\/\" \/>\n<meta property=\"og:locale\" content=\"vi_VN\" \/>\n<meta property=\"og:type\" content=\"article\" \/>\n<meta property=\"og:title\" content=\"Sobre N\u00f3s - Clomid\" \/>\n<meta property=\"og:description\" content=\"No Clomid, acreditamos que o bem-estar \u00e9 a chave para uma vida equilibrada e feliz. Nosso blog \u00e9 dedicado a oferecer dicas pr\u00e1ticas, insights baseados em pesquisas e inspira\u00e7\u00e3o para &hellip;\" \/>\n<meta property=\"og:url\" content=\"https:\/\/clomid.live\/vi\/sobre-nos\/\" \/>\n<meta property=\"og:site_name\" content=\"Clomid\" \/>\n<meta property=\"article:modified_time\" content=\"2025-04-23T15:04:59+00:00\" \/>\n<meta name=\"twitter:card\" content=\"summary_large_image\" \/>\n<meta name=\"twitter:label1\" content=\"\u01af\u1edbc t\u00ednh th\u1eddi gian \u0111\u1ecdc\" \/>\n\t<meta name=\"twitter:data1\" content=\"1 ph\u00fat\" \/>\n<script type=\"application\/ld+json\" class=\"yoast-schema-graph\">{\"@context\":\"https:\/\/schema.org\",\"@graph\":[{\"@type\":\"WebPage\",\"@id\":\"https:\/\/clomid.live\/sobre-nos\/\",\"url\":\"https:\/\/clomid.live\/sobre-nos\/\",\"name\":\"Sobre N\u00f3s - Clomid\",\"isPartOf\":{\"@id\":\"https:\/\/clomid.live\/#website\"},\"datePublished\":\"2024-12-05T18:33:09+00:00\",\"dateModified\":\"2025-04-23T15:04:59+00:00\",\"breadcrumb\":{\"@id\":\"https:\/\/clomid.live\/sobre-nos\/#breadcrumb\"},\"inLanguage\":\"vi\",\"potentialAction\":[{\"@type\":\"ReadAction\",\"target\":[\"https:\/\/clomid.live\/sobre-nos\/\"]}]},{\"@type\":\"BreadcrumbList\",\"@id\":\"https:\/\/clomid.live\/sobre-nos\/#breadcrumb\",\"itemListElement\":[{\"@type\":\"ListItem\",\"position\":1,\"name\":\"Home\",\"item\":\"https:\/\/clomid.live\/\"},{\"@type\":\"ListItem\",\"position\":2,\"name\":\"Sobre N\u00f3s\"}]},{\"@type\":\"WebSite\",\"@id\":\"https:\/\/clomid.live\/#website\",\"url\":\"https:\/\/clomid.live\/\",\"name\":\"Clomid\",\"description\":\"\",\"potentialAction\":[{\"@type\":\"SearchAction\",\"target\":{\"@type\":\"EntryPoint\",\"urlTemplate\":\"https:\/\/clomid.live\/?s={search_term_string}\"},\"query-input\":{\"@type\":\"PropertyValueSpecification\",\"valueRequired\":true,\"valueName\":\"search_term_string\"}}],\"inLanguage\":\"vi\"}]}<\/script>\n<!-- \/ Yoast SEO plugin. -->","yoast_head_json":{"title":"Sobre N\u00f3s - Clomid","robots":{"index":"index","follow":"follow","max-snippet":"max-snippet:-1","max-image-preview":"max-image-preview:large","max-video-preview":"max-video-preview:-1"},"canonical":"https:\/\/clomid.live\/vi\/sobre-nos\/","og_locale":"vi_VN","og_type":"article","og_title":"Sobre N\u00f3s - Clomid","og_description":"No Clomid, acreditamos que o bem-estar \u00e9 a chave para uma vida equilibrada e feliz. Nosso blog \u00e9 dedicado a oferecer dicas pr\u00e1ticas, insights baseados em pesquisas e inspira\u00e7\u00e3o para &hellip;","og_url":"https:\/\/clomid.live\/vi\/sobre-nos\/","og_site_name":"Clomid","article_modified_time":"2025-04-23T15:04:59+00:00","twitter_card":"summary_large_image","twitter_misc":{"\u01af\u1edbc t\u00ednh th\u1eddi gian \u0111\u1ecdc":"1 ph\u00fat"},"schema":{"@context":"https:\/\/schema.org","@graph":[{"@type":"WebPage","@id":"https:\/\/clomid.live\/sobre-nos\/","url":"https:\/\/clomid.live\/sobre-nos\/","name":"Sobre N\u00f3s - Clomid","isPartOf":{"@id":"https:\/\/clomid.live\/#website"},"datePublished":"2024-12-05T18:33:09+00:00","dateModified":"2025-04-23T15:04:59+00:00","breadcrumb":{"@id":"https:\/\/clomid.live\/sobre-nos\/#breadcrumb"},"inLanguage":"vi","potentialAction":[{"@type":"ReadAction","target":["https:\/\/clomid.live\/sobre-nos\/"]}]},{"@type":"BreadcrumbList","@id":"https:\/\/clomid.live\/sobre-nos\/#breadcrumb","itemListElement":[{"@type":"ListItem","position":1,"name":"Home","item":"https:\/\/clomid.live\/"},{"@type":"ListItem","position":2,"name":"Sobre N\u00f3s"}]},{"@type":"WebSite","@id":"https:\/\/clomid.live\/#website","url":"https:\/\/clomid.live\/","name":"Clomid","description":"","potentialAction":[{"@type":"SearchAction","target":{"@type":"EntryPoint","urlTemplate":"https:\/\/clomid.live\/?s={search_term_string}"},"query-input":{"@type":"PropertyValueSpecification","valueRequired":true,"valueName":"search_term_string"}}],"inLanguage":"vi"}]}},"_links":{"self":[{"href":"https:\/\/clomid.live\/vi\/wp-json\/wp\/v2\/pages\/5457","targetHints":{"allow":["GET"]}}],"collection":[{"href":"https:\/\/clomid.live\/vi\/wp-json\/wp\/v2\/pages"}],"about":[{"href":"https:\/\/clomid.live\/vi\/wp-json\/wp\/v2\/types\/page"}],"author":[{"embeddable":true,"href":"https:\/\/clomid.live\/vi\/wp-json\/wp\/v2\/users\/10"}],"replies":[{"embeddable":true,"href":"https:\/\/clomid.live\/vi\/wp-json\/wp\/v2\/comments?post=5457"}],"version-history":[{"count":3,"href":"https:\/\/clomid.live\/vi\/wp-json\/wp\/v2\/pages\/5457\/revisions"}],"predecessor-version":[{"id":5779,"href":"https:\/\/clomid.live\/vi\/wp-json\/wp\/v2\/pages\/5457\/revisions\/5779"}],"wp:attachment":[{"href":"https:\/\/clomid.live\/vi\/wp-json\/wp\/v2\/media?parent=5457"}],"curies":[{"name":"wp","href":"https:\/\/api.w.org\/{rel}","templated":true}]}}